{"id":20,"date":"2020-05-14T02:08:04","date_gmt":"2020-05-14T02:08:04","guid":{"rendered":"https:\/\/old3.commonsupport.com\/wp\/muzex\/?page_id=20"},"modified":"2025-11-04T12:56:21","modified_gmt":"2025-11-04T12:56:21","slug":"home-01","status":"publish","type":"page","link":"https:\/\/kekfestomuzeum.hu\/en\/","title":{"rendered":"Home 01"},"content":{"rendered":"\t\t<div data-elementor-type=\"wp-page\" data-elementor-id=\"20\" class=\"elementor elementor-20\">\n\t\t\t\t\t\t\t\t\t<section class=\"elementor-section elementor-top-section elementor-element elementor-element-e0e7076 elementor-section-stretched elementor-section-full_width elementor-section-height-default elementor-section-height-default\" data-id=\"e0e7076\" data-element_type=\"section\" data-settings=\"{&quot;stretch_section&quot;:&quot;section-stretched&quot;}\">\n\t\t\t\t\t\t<div class=\"elementor-container elementor-column-gap-no\">\n\t\t\t\t\t<div class=\"elementor-column elementor-col-100 elementor-top-column elementor-element elementor-element-b8c0877\" data-id=\"b8c0877\" data-element_type=\"column\">\n\t\t\t<div class=\"elementor-widget-wrap elementor-element-populated\">\n\t\t\t\t\t\t\t\t<div class=\"elementor-element elementor-element-fbf5034 elementor-widget elementor-widget-muzex_theme_slider2\" data-id=\"fbf5034\" data-element_type=\"widget\" data-widget_type=\"muzex_theme_slider2.default\">\n\t\t\t\t<div class=\"elementor-widget-container\">\n\t\t\t\n        <section class=\"banner-section banner-section__home-two \">\n            <div class=\"banner-carousel thm__owl-carousel owl-theme owl-carousel\" data-options='{\"loop\": true, \"items\": 1, \"margin\": 0, \"dots\": false, \"nav\": true, \"animateOut\": \"fadeOut\", \"animateIn\": \"fadeIn\", \"active\": true, \"smartSpeed\": 1000, \"autoplay\": true, \"autoplayTimeout\": 6000, \"autoplayHoverPause\": false}'>\n\t\t\t\n\t\t\t\t\t\t\t\n                <!-- Slide Item -->\n                <div class=\"slide-item\">\n                    <div class=\"image-layer lazy-image\" style=\"background-image: url('https:\/\/teszt.kekfestomuzeum.hu\/wp-content\/uploads\/2022\/04\/slider1.jpg');\"><\/div>\n                    <div class=\"container\">\n                        <div class=\"content-box text-center\">\n                            <h3>K\u00c9KFEST\u0150 M\u00daZEUM P\u00c1PA<\/h3>\n                            <h2>The only blue dyer museum in Hungary<\/h2>\n                            <div class=\"btn-box\">\n                                <a href=\"https:\/\/kekfestomuzeum.hu\/en\/exhibitions\/\" class=\"thm-btn btn-style-one\"> Go to the exhibition page<\/a>\n                            <\/div>\n                        <\/div>\n                    <\/div>\n                <\/div>\n\t\t\t\t\n\t\t\t\t\t\t\t\n                <!-- Slide Item -->\n                <div class=\"slide-item\">\n                    <div class=\"image-layer lazy-image\" style=\"background-image: url('https:\/\/teszt.kekfestomuzeum.hu\/wp-content\/uploads\/2022\/04\/slider2.jpg');\"><\/div>\n                    <div class=\"container\">\n                        <div class=\"content-box text-center\">\n                            <h3>The past is our future<\/h3>\n                            <h2>Explore the wonders of blue dyeing and its historical background!<\/h2>\n                            <div class=\"btn-box\">\n                                <a href=\"https:\/\/kekfestomuzeum.hu\/en\/activities-in-the-museum\/\" class=\"thm-btn btn-style-one\">Learning<\/a>\n                            <\/div>\n                        <\/div>\n                    <\/div>\n                <\/div>\n\t\t\t\t\n\t\t\t\t\t\t\t\n                <!-- Slide Item -->\n                <div class=\"slide-item\">\n                    <div class=\"image-layer lazy-image\" style=\"background-image: url('https:\/\/teszt.kekfestomuzeum.hu\/wp-content\/uploads\/2022\/04\/slider4.jpg');\"><\/div>\n                    <div class=\"container\">\n                        <div class=\"content-box text-center\">\n                            <h3>The 200 years old story of the Kluge family<\/h3>\n                            <h2>Presentation of the technical part of blue dyeing<\/h2>\n                            <div class=\"btn-box\">\n                                <a href=\"https:\/\/kekfestomuzeum.hu\/en\/tour-guide-in-the-museum\/\" class=\"thm-btn btn-style-one\">Go to the exhibition page<\/a>\n                            <\/div>\n                        <\/div>\n                    <\/div>\n                <\/div>\n\t\t\t\t\n\t\t\t\t\n            <\/div>\n        <\/section>\n            \n\t\t\t\t<\/div>\n\t\t\t\t<\/div>\n\t\t\t\t\t<\/div>\n\t\t<\/div>\n\t\t\t\t\t\t\t<\/div>\n\t\t<\/section>\n\t\t\t\t<section class=\"elementor-section elementor-top-section elementor-element elementor-element-649f9482 elementor-section-stretched elementor-section-full_width elementor-section-height-default elementor-section-height-default\" data-id=\"649f9482\" data-element_type=\"section\" data-settings=\"{&quot;stretch_section&quot;:&quot;section-stretched&quot;}\">\n\t\t\t\t\t\t<div class=\"elementor-container elementor-column-gap-no\">\n\t\t\t\t\t<div class=\"elementor-column elementor-col-100 elementor-top-column elementor-element elementor-element-16da7ad6\" data-id=\"16da7ad6\" data-element_type=\"column\">\n\t\t\t<div class=\"elementor-widget-wrap\">\n\t\t\t\t\t\t\t\t\t<\/div>\n\t\t<\/div>\n\t\t\t\t\t\t\t<\/div>\n\t\t<\/section>\n\t\t\t\t<section class=\"elementor-section elementor-top-section elementor-element elementor-element-18fe2474 elementor-section-stretched elementor-section-full_width elementor-section-height-default elementor-section-height-default\" data-id=\"18fe2474\" data-element_type=\"section\" data-settings=\"{&quot;stretch_section&quot;:&quot;section-stretched&quot;}\">\n\t\t\t\t\t\t<div class=\"elementor-container elementor-column-gap-no\">\n\t\t\t\t\t<div class=\"elementor-column elementor-col-100 elementor-top-column elementor-element elementor-element-fbd776b\" data-id=\"fbd776b\" data-element_type=\"column\">\n\t\t\t<div class=\"elementor-widget-wrap elementor-element-populated\">\n\t\t\t\t\t\t\t\t<div class=\"elementor-element elementor-element-3e8d679a elementor-widget elementor-widget-muzex_about_service\" data-id=\"3e8d679a\" data-element_type=\"widget\" data-widget_type=\"muzex_about_service.default\">\n\t\t\t\t<div class=\"elementor-widget-container\">\n\t\t\t\n        <div class=\"about-cta__wrapper two \">\n\t\t\n\t\t\t<section class=\"cta-two\">\n                <div class=\"container\">\n                    <div class=\"inner-container wow fadeInUp\" data-wow-duration=\"1500ms\">\n                        <div class=\"row no-gutters\">\n\t\t\t\t\t\t\n\t\t\t\t\t\t\t\t\t\t\t\t\t\n                            <div class=\"column col-lg-4\">\n                                <div class=\"cta-two__box\">\n                                    <div class=\"cta-two__icon\">\n                                        <i class=\"muzex-icon muzex-icon-clock\"><\/i>\n                                    <\/div><!-- \/.cta-two__icon -->\n                                    <h3>Opening hours<\/h3>\n                                    <p>Daily: 9.00 \u2013 17.00 <br>\n                                      Monday-Tuesday: Closed<\/p>\n                                    <a href=\"https:\/\/kekfestomuzeum.hu\/en\/opening-hours\/\" class=\"thm-btn\">More information<\/a><!-- \/.thm-btn -->\n                                <\/div><!-- \/.cta-two__box -->\n                            <\/div><!-- \/.col-lg-4 -->\n\t\t\t\t\t\t\t\n\t\t\t\t\t\t\t\t\t\t\t\t\t\n                            <div class=\"column col-lg-4\">\n                                <div class=\"cta-two__box\">\n                                    <div class=\"cta-two__icon\">\n                                        <i class=\"muzex-icon muzex-icon-location\"><\/i>\n                                    <\/div><!-- \/.cta-two__icon -->\n                                    <h3>Accessibility<\/h3>\n                                    <p>K\u00e9kfest\u0151 M\u00fazeum P\u00e1pa <br>\n                                        8500 P\u00e1pa, M\u00e1rcius 15. t\u00e9r 12.<\/p>\n                                    <a href=\"https:\/\/kekfestomuzeum.hu\/en\/contacts\/\" class=\"thm-btn\">Contact<\/a><!-- \/.thm-btn -->\n                                <\/div><!-- \/.cta-two__box -->\n                            <\/div><!-- \/.col-lg-4 -->\n\t\t\t\t\t\t\t\n\t\t\t\t\t\t\t\t\t\t\t\t\t\n                            <div class=\"column col-lg-4\">\n                                <div class=\"cta-two__box\">\n                                    <div class=\"cta-two__icon\">\n                                        <i class=\"muzex-icon muzex-icon-ticket\"><\/i>\n                                    <\/div><!-- \/.cta-two__icon -->\n                                    <h3>Tickets<\/h3>\n                                    <p>Tickets can be purchased online<\/br>or on the spot<\/p>\n                                    <a href=\"https:\/\/kekfestomuzeum.hu\/en\/ticket-prices\/\" class=\"thm-btn\">Ticket purchase<\/a><!-- \/.thm-btn -->\n                                <\/div><!-- \/.cta-two__box -->\n                            <\/div><!-- \/.col-lg-4 -->\n\t\t\t\t\t\t\t\n\t\t\t\t\t\t\t\t\t\t\t\t\t\t\n                        <\/div><!-- \/.row -->\n                    <\/div><!-- \/.inner-container -->\n                <\/div><!-- \/.container -->\n            <\/section><!-- \/.cta-two -->\n\t\t\n            <section class=\"about-one\">\n                <div class=\"container\">\n                    <img decoding=\"async\" src=\"https:\/\/teszt.kekfestomuzeum.hu\/wp-content\/uploads\/2022\/04\/about_logo.png\" alt=\"Image\" class=\"about-one__moc\">\n                    <div class=\"block-title\">\n                        <p>Blue dyeing. Museum. P\u00e1pa.<\/p>\n                        <h3>About the Museum<\/h3>\n                    <\/div><!-- \/.block-title -->\n\n                    <div class=\"row\">\n                        <div class=\"col-lg-4\">\n                            <p class=\"about-one__highlighted-text\">\n                                Hungary's one and only blue dyeing museum  museum on a European level which presents the entire work process of blue painting.                            <\/p><!-- \/.about-one__highlighted-text -->\n                        <\/div><!-- \/.col-lg-4 -->\n                        <div class=\"col-lg-4\">\n                            <p>In our museum you get introduced to the secrets of a complicated procedure and you can learn that it is not a dead craft at all, but is still blossoming today. In November of 2018 blue dyeing got on the list of UNESCO Intangible Cultural Heritage.<\/p>\n                        <\/div><!-- \/.col-lg-4 -->\n                        <div class=\"col-lg-4\">\n                            <p>At our exhibitions, visitors can get a taste of the products of active Hungarian workshops and former masters in an old fair environment.\nIn the more than 250-year-old, three-storey drying building, the former workshop comes to life through guided tours.\n<\/p>\n                        <\/div><!-- \/.col-lg-4 -->\n                    <\/div><!-- \/.row -->\n                    <div class=\"row justify-content-end\">\n                        <div class=\"col-lg-8\">\n                            <div class=\"about-one__feature\">\n                                <h3>What can be seen in the museum\u2026<\/h3>\n                                <p>On the drying attic Ir\u00e9n B\u00f3dy Munk\u00e1csy Mih\u00e1ly awarded industrial artist\u2019s masterpieces that show you the blue dyeing modern, artistic way and make the museum experience unforgettable. The machine park is also worth mentioning, as the steam engine of the famous Viennese company Hoffmeister, manufactured in 1912, can be seen in perfect condition, as well as one of a kind horse powered mangle. \nFurthermore, on the guided tour you can also learn that\u2026<\/p>\n                                <div class=\"row\">\n                                    <div class=\"col-xl-5 col-lg-6 col-md-4\">\n                                        <ul class=\"list-unstyled about-one__feature-list\">\n                                            \t\t\t\t\t\t\t\t\t\t\t\t\t\t\t\t\t\t\t\t\t\t<li>What is the \u201cpap\u201d?<\/li>\t\t\t\t\t\t\t\t\t\t\t\t\t\t\t\t\t\t\t\t\t\t<li>What does the pap has to do with the small chest called \u201csasil\u00e1da\u201d?<\/li>\t\t\t\t\t\t\t\t\t\t\t\t\t\t\t\t\t\t\t\t\t\t<li>Where is the dyeing room?<\/li>\t\t\t\t\t\t\t\t\t\t\t\t\t\t\t\t\t\t\t\t\t\t<li>In what did they store the indigo vat-dye?<\/li>\t\t\t\t\t\t\t\t\t\t\t\t\t\t\t\t\t\t\t\t\t\t<li>How did they ground the indigo plant?<\/li>\t\t\t\t\t\t\t\t\t\t\t\t\t\t\t\t\t\t\t\t\t\t<li>What was the use of the star shaped bars?<\/li>\t\t\t\t\t\t\t\t\t\t\t\t\t\t\t\t\t\t\t\t\t\t<li>What was the use of the star shaped bars?<\/li>\t\t\t\t\t\t\t\t\t\t\t                                        <\/ul><!-- \/.list-unstyled -->\n                                    <\/div><!-- \/.col-lg-5 -->\n                                    <div class=\"col-xl-4 col-lg-6 col-md-4\">\n                                        <ul class=\"list-unstyled about-one__feature-list\">\n                                            \t\t\t\t\t\t\t\t\t\t\t\t\t\t\t\t\t\t\t\t\t\t\t\t\t\t\t\t\t\t\t\t\t                                        <\/ul><!-- \/.list-unstyled -->\n                                    <\/div><!-- \/.col-lg-4 -->\n                                    <div class=\"col-xl-3 col-lg-6 col-md-4\">\n                                        <ul class=\"list-unstyled about-one__feature-list\">\n                                            \t\t\t\t\t\t\t\t\t\t\t\t\t\t\t\t\t\t\t\t\t\t\t\t\t\t\t\t\t\t\t\t\t                                        <\/ul><!-- \/.list-unstyled -->\n                                    <\/div><!-- \/.col-lg-3 -->\n                                <\/div><!-- \/.row -->\n                            <\/div><!-- \/.about-one__feature -->\n                        <\/div><!-- \/.col-lg-8 -->\n                    <\/div><!-- \/.row -->\n                <\/div><!-- \/.container -->\n            <\/section><!-- \/.about-one -->\n        <\/div><!-- \/.about-cta__wrapper -->\n            \n\t\t\t\t<\/div>\n\t\t\t\t<\/div>\n\t\t\t\t\t<\/div>\n\t\t<\/div>\n\t\t\t\t\t\t\t<\/div>\n\t\t<\/section>\n\t\t\t\t<section class=\"elementor-section elementor-top-section elementor-element elementor-element-e35a4bf elementor-section-boxed elementor-section-height-default elementor-section-height-default\" data-id=\"e35a4bf\" data-element_type=\"section\">\n\t\t\t\t\t\t<div class=\"elementor-container elementor-column-gap-default\">\n\t\t\t\t\t<div class=\"elementor-column elementor-col-100 elementor-top-column elementor-element elementor-element-26bc657\" data-id=\"26bc657\" data-element_type=\"column\">\n\t\t\t<div class=\"elementor-widget-wrap elementor-element-populated\">\n\t\t\t\t\t\t\t\t<div class=\"elementor-element elementor-element-aa7d62d elementor-widget elementor-widget-spacer\" data-id=\"aa7d62d\" data-element_type=\"widget\" data-widget_type=\"spacer.default\">\n\t\t\t\t<div class=\"elementor-widget-container\">\n\t\t\t<style>\/*! elementor - v3.11.5 - 14-03-2023 *\/\n.elementor-column .elementor-spacer-inner{height:var(--spacer-size)}.e-con{--container-widget-width:100%}.e-con-inner>.elementor-widget-spacer,.e-con>.elementor-widget-spacer{width:var(--container-widget-width,var(--spacer-size));--align-self:var(--container-widget-align-self,initial);--flex-shrink:0}.e-con-inner>.elementor-widget-spacer>.elementor-widget-container,.e-con-inner>.elementor-widget-spacer>.elementor-widget-container>.elementor-spacer,.e-con>.elementor-widget-spacer>.elementor-widget-container,.e-con>.elementor-widget-spacer>.elementor-widget-container>.elementor-spacer{height:100%}.e-con-inner>.elementor-widget-spacer>.elementor-widget-container>.elementor-spacer>.elementor-spacer-inner,.e-con>.elementor-widget-spacer>.elementor-widget-container>.elementor-spacer>.elementor-spacer-inner{height:var(--container-widget-height,var(--spacer-size))}<\/style>\t\t<div class=\"elementor-spacer\">\n\t\t\t<div class=\"elementor-spacer-inner\"><\/div>\n\t\t<\/div>\n\t\t\t\t<\/div>\n\t\t\t\t<\/div>\n\t\t\t\t\t<\/div>\n\t\t<\/div>\n\t\t\t\t\t\t\t<\/div>\n\t\t<\/section>\n\t\t\t\t<section class=\"elementor-section elementor-top-section elementor-element elementor-element-6397f47f elementor-section-stretched elementor-section-full_width elementor-section-height-default elementor-section-height-default\" data-id=\"6397f47f\" data-element_type=\"section\" data-settings=\"{&quot;stretch_section&quot;:&quot;section-stretched&quot;}\">\n\t\t\t\t\t\t<div class=\"elementor-container elementor-column-gap-no\">\n\t\t\t\t\t<div class=\"elementor-column elementor-col-100 elementor-top-column elementor-element elementor-element-76c04030\" data-id=\"76c04030\" data-element_type=\"column\">\n\t\t\t<div class=\"elementor-widget-wrap elementor-element-populated\">\n\t\t\t\t\t\t\t\t<div class=\"elementor-element elementor-element-680b8564 elementor-widget elementor-widget-muzex_video\" data-id=\"680b8564\" data-element_type=\"widget\" data-widget_type=\"muzex_video.default\">\n\t\t\t\t<div class=\"elementor-widget-container\">\n\t\t\t\n\n        <section class=\"video-one text-center\" style=\"background-image: url(https:\/\/teszt.kekfestomuzeum.hu\/wp-content\/uploads\/2022\/04\/video_parallax.jpg);\">\n            <div class=\"container\">\n                <a href=\"https:\/\/www.youtube.com\/watch?v=mQ8o37g52Hs\" class=\"video-popup video-one__btn\"><i class=\"fa fa-play\"><\/i><\/a><!-- \/.video-popup video-one__btn -->\n            <\/div><!-- \/.container -->\n        <\/section><!-- \/.video-one -->\n\n            \n\t\t\t\t<\/div>\n\t\t\t\t<\/div>\n\t\t\t\t\t<\/div>\n\t\t<\/div>\n\t\t\t\t\t\t\t<\/div>\n\t\t<\/section>\n\t\t\t\t\t\t\t<\/div>\n\t\t","protected":false},"excerpt":{"rendered":"<p>K\u00c9KFEST\u0150 M\u00daZEUM P\u00c1PA The only blue dyer museum in Hungary Go to the exhibition page The past is our future Explore the wonders of blue dyeing and its historical background! Learning The 200 years old story of the Kluge family Presentation of the technical part of blue dyeing Go to the exhibition page Opening hours [&hellip;]<\/p>\n","protected":false},"author":1,"featured_media":0,"parent":0,"menu_order":0,"comment_status":"closed","ping_status":"closed","template":"tpl-default-elementor.php","meta":{"footnotes":""},"class_list":["post-20","page","type-page","status-publish","hentry"],"_links":{"self":[{"href":"https:\/\/kekfestomuzeum.hu\/en\/wp-json\/wp\/v2\/pages\/20","targetHints":{"allow":["GET"]}}],"collection":[{"href":"https:\/\/kekfestomuzeum.hu\/en\/wp-json\/wp\/v2\/pages"}],"about":[{"href":"https:\/\/kekfestomuzeum.hu\/en\/wp-json\/wp\/v2\/types\/page"}],"author":[{"embeddable":true,"href":"https:\/\/kekfestomuzeum.hu\/en\/wp-json\/wp\/v2\/users\/1"}],"replies":[{"embeddable":true,"href":"https:\/\/kekfestomuzeum.hu\/en\/wp-json\/wp\/v2\/comments?post=20"}],"version-history":[{"count":186,"href":"https:\/\/kekfestomuzeum.hu\/en\/wp-json\/wp\/v2\/pages\/20\/revisions"}],"predecessor-version":[{"id":2711,"href":"https:\/\/kekfestomuzeum.hu\/en\/wp-json\/wp\/v2\/pages\/20\/revisions\/2711"}],"wp:attachment":[{"href":"https:\/\/kekfestomuzeum.hu\/en\/wp-json\/wp\/v2\/media?parent=20"}],"curies":[{"name":"wp","href":"https:\/\/api.w.org\/{rel}","templated":true}]}}