{"id":1579,"date":"2022-04-25T11:12:44","date_gmt":"2022-04-25T11:12:44","guid":{"rendered":"https:\/\/teszt.kekfestomuzeum.hu\/?page_id=1579"},"modified":"2023-04-04T11:12:34","modified_gmt":"2023-04-04T11:12:34","slug":"museum-team","status":"publish","type":"page","link":"https:\/\/kekfestomuzeum.hu\/en\/museum-team\/","title":{"rendered":"Museum Team"},"content":{"rendered":"\t\t<div data-elementor-type=\"wp-page\" data-elementor-id=\"1579\" class=\"elementor elementor-1579\">\n\t\t\t\t\t\t\t\t\t<section class=\"elementor-section elementor-top-section elementor-element elementor-element-483ef10b elementor-section-stretched elementor-section-full_width elementor-section-height-default elementor-section-height-default\" data-id=\"483ef10b\" data-element_type=\"section\" data-settings=\"{&quot;stretch_section&quot;:&quot;section-stretched&quot;}\">\n\t\t\t\t\t\t<div class=\"elementor-container elementor-column-gap-no\">\n\t\t\t\t\t<div class=\"elementor-column elementor-col-100 elementor-top-column elementor-element elementor-element-25f71097\" data-id=\"25f71097\" data-element_type=\"column\">\n\t\t\t<div class=\"elementor-widget-wrap elementor-element-populated\">\n\t\t\t\t\t\t\t\t<div class=\"elementor-element elementor-element-5233bd8e elementor-widget elementor-widget-muzex_about3\" data-id=\"5233bd8e\" data-element_type=\"widget\" data-widget_type=\"muzex_about3.default\">\n\t\t\t\t<div class=\"elementor-widget-container\">\n\t\t\t\n        <section class=\"about-four \">\n            <div class=\"container\">\n                <div class=\"about-four__image wow fadeInRight\" data-wow-duration=\"1500ms\">\n                    <img decoding=\"async\" src=\"https:\/\/teszt.kekfestomuzeum.hu\/wp-content\/uploads\/2022\/07\/muzeumi-cs-scaled-e1658138761807.jpg\" alt=\"Image\">\n                <\/div><!-- \/.about-four__image -->\n                <div class=\"row\">\n                    <div class=\"col-lg-6\">\n                        <div class=\"about-four__content\">\n                            <div class=\"block-title\">\n                                <p>BLUE-DYEING MUSEUM<\/p>\n                                <h3>Museum Team<\/h3>\n                            <\/div><!-- \/.block-title -->\n                            <div class=\"about-four__highlite-text\">\n                                <p>Dr. M\u00e9ri Edina ethnographer - museologist, museum pedagogue, professional leader<\/br>\nmeri.edina@kekfestomuzeum.hu<\/br>\nPhone number: +36 70\/663 3541\n<\/br><\/br>\nHuiber Edit historian<\/br>\nhuiber.edit@kekfestomuzeum.hu\n<\/br><\/br>\nMartonn\u00e9 Csom Ad\u00e9l  museum pedagogue<\/br>\ncsom.adel@kekfestomuzeum.hu\n<\/br><\/br>\n\nSzab\u00f3 Szilvia staff protection officer<\/br>szabo.szilvia@kekfestomuzeum.hu<\/br><\/br>\nTurbucz Adrienn collection manager\nturbucz.adrienn@kekfestomuzeum.hu\n<\/br><\/br>\nKertai Julianna administrative assistant<\/br>\nFeh\u00e9r \u00c1gota tour guide<\/br>\nSzigethy Lenke tour guide<\/br>\nT\u00f3th Attila tour guide<\/br>\nZsidai Vikt\u00f3ria tour guide\n<\/p>\n                            <\/div><!-- \/.about-four__highlite-text -->\n                            <p><\/p>\n                            <p><\/p>\n                        <\/div><!-- \/.about-four__content -->\n                    <\/div><!-- \/.col-lg-6 -->\n                <\/div><!-- \/.row -->\n            <\/div><!-- \/.container -->\n        <\/section><!-- \/.about-four -->\n            \n\t\t\t\t<\/div>\n\t\t\t\t<\/div>\n\t\t\t\t\t<\/div>\n\t\t<\/div>\n\t\t\t\t\t\t\t<\/div>\n\t\t<\/section>\n\t\t\t\t\t\t\t<\/div>\n\t\t","protected":false},"excerpt":{"rendered":"<p>BLUE-DYEING MUSEUM Museum Team Dr. M\u00e9ri Edina ethnographer &#8211; museologist, museum pedagogue, professional leader meri.edina@kekfestomuzeum.hu Phone number: +36 70\/663 3541 Huiber Edit historian huiber.edit@kekfestomuzeum.hu Martonn\u00e9 Csom Ad\u00e9l museum pedagogue csom.adel@kekfestomuzeum.hu Szab\u00f3 Szilvia staff protection officerszabo.szilvia@kekfestomuzeum.hu Turbucz Adrienn collection manager turbucz.adrienn@kekfestomuzeum.hu Kertai Julianna administrative assistant Feh\u00e9r \u00c1gota tour guide Szigethy Lenke tour guide T\u00f3th Attila tour [&hellip;]<\/p>\n","protected":false},"author":1,"featured_media":0,"parent":0,"menu_order":0,"comment_status":"closed","ping_status":"closed","template":"tpl-default-elementor.php","meta":{"footnotes":""},"class_list":["post-1579","page","type-page","status-publish","hentry"],"_links":{"self":[{"href":"https:\/\/kekfestomuzeum.hu\/en\/wp-json\/wp\/v2\/pages\/1579","targetHints":{"allow":["GET"]}}],"collection":[{"href":"https:\/\/kekfestomuzeum.hu\/en\/wp-json\/wp\/v2\/pages"}],"about":[{"href":"https:\/\/kekfestomuzeum.hu\/en\/wp-json\/wp\/v2\/types\/page"}],"author":[{"embeddable":true,"href":"https:\/\/kekfestomuzeum.hu\/en\/wp-json\/wp\/v2\/users\/1"}],"replies":[{"embeddable":true,"href":"https:\/\/kekfestomuzeum.hu\/en\/wp-json\/wp\/v2\/comments?post=1579"}],"version-history":[{"count":17,"href":"https:\/\/kekfestomuzeum.hu\/en\/wp-json\/wp\/v2\/pages\/1579\/revisions"}],"predecessor-version":[{"id":2615,"href":"https:\/\/kekfestomuzeum.hu\/en\/wp-json\/wp\/v2\/pages\/1579\/revisions\/2615"}],"wp:attachment":[{"href":"https:\/\/kekfestomuzeum.hu\/en\/wp-json\/wp\/v2\/media?parent=1579"}],"curies":[{"name":"wp","href":"https:\/\/api.w.org\/{rel}","templated":true}]}}