{"id":1569,"date":"2022-04-25T10:10:12","date_gmt":"2022-04-25T10:10:12","guid":{"rendered":"https:\/\/teszt.kekfestomuzeum.hu\/?page_id=1569"},"modified":"2023-04-04T11:00:59","modified_gmt":"2023-04-04T11:00:59","slug":"history-of-the-museum","status":"publish","type":"page","link":"https:\/\/kekfestomuzeum.hu\/en\/history-of-the-museum\/","title":{"rendered":"History of the Museum"},"content":{"rendered":"\t\t<div data-elementor-type=\"wp-page\" data-elementor-id=\"1569\" class=\"elementor elementor-1569\">\n\t\t\t\t\t\t\t\t\t<section class=\"elementor-section elementor-top-section elementor-element elementor-element-1df99175 elementor-section-stretched elementor-section-full_width elementor-section-height-default elementor-section-height-default\" data-id=\"1df99175\" data-element_type=\"section\" data-settings=\"{&quot;stretch_section&quot;:&quot;section-stretched&quot;}\">\n\t\t\t\t\t\t<div class=\"elementor-container elementor-column-gap-no\">\n\t\t\t\t\t<div class=\"elementor-column elementor-col-100 elementor-top-column elementor-element elementor-element-2c4def9e\" data-id=\"2c4def9e\" data-element_type=\"column\">\n\t\t\t<div class=\"elementor-widget-wrap elementor-element-populated\">\n\t\t\t\t\t\t\t\t<div class=\"elementor-element elementor-element-69026be2 elementor-widget elementor-widget-muzex_about3\" data-id=\"69026be2\" data-element_type=\"widget\" data-widget_type=\"muzex_about3.default\">\n\t\t\t\t<div class=\"elementor-widget-container\">\n\t\t\t\n        <section class=\"about-four \">\n            <div class=\"container\">\n                <div class=\"about-four__image wow fadeInRight\" data-wow-duration=\"1500ms\">\n                    <img decoding=\"async\" src=\"https:\/\/teszt.kekfestomuzeum.hu\/wp-content\/uploads\/2022\/04\/history_small.jpg\" alt=\"Image\">\n                <\/div><!-- \/.about-four__image -->\n                <div class=\"row\">\n                    <div class=\"col-lg-6\">\n                        <div class=\"about-four__content\">\n                            <div class=\"block-title\">\n                                <p>BLUE-DYEING MUSEUM<\/p>\n                                <h3>History of the Museum<\/h3>\n                            <\/div><!-- \/.block-title -->\n                            <div class=\"about-four__highlite-text\">\n                                <p>The special value of the Kluge blue-painting workshop and its importance were already noticed in the 1950s. With the help of the M\u0171szaki Eml\u00e9keket Nyilv\u00e1ntart\u00f3 \u00e9s Gy\u0171jt\u0151 Csoport the whole building was protected in 1954. <\/p>\n                            <\/div><!-- \/.about-four__highlite-text -->\n                            <p>In the issue of Magyar Textiltechnika published in 1959, we read that \"it would be essential to create a museum dedicated to presenting the development of the textile industry from primitive manual printing to modern printing technology\". In his report prepared in 1958, Ott\u00f3 Domonkos calls for the following steps to be taken after the \"protection\": \"The Kluge blue-press factory in P\u00e1pa must be turned into a blue-press museum\". \"The organized and converted museum must be made accessible to visitors\".<\/p>\n                            <p>The Ministry of Light Industry entrusted the Textile Research Institute with this task. The Textile Industry Technical and Scientific Association, the city of P\u00e1pa and the P\u00e1pa Textilm\u0171vek also took part in the implementation. The Blue Painter Museum opened its doors to visitors on August 2, 1962.<\/p>\n                        <\/div><!-- \/.about-four__content -->\n                    <\/div><!-- \/.col-lg-6 -->\n                <\/div><!-- \/.row -->\n            <\/div><!-- \/.container -->\n        <\/section><!-- \/.about-four -->\n            \n\t\t\t\t<\/div>\n\t\t\t\t<\/div>\n\t\t\t\t\t<\/div>\n\t\t<\/div>\n\t\t\t\t\t\t\t<\/div>\n\t\t<\/section>\n\t\t\t\t\t\t\t<\/div>\n\t\t","protected":false},"excerpt":{"rendered":"<p>BLUE-DYEING MUSEUM History of the Museum The special value of the Kluge blue-painting workshop and its importance were already noticed in the 1950s. With the help of the M\u0171szaki Eml\u00e9keket Nyilv\u00e1ntart\u00f3 \u00e9s Gy\u0171jt\u0151 Csoport the whole building was protected in 1954. In the issue of Magyar Textiltechnika published in 1959, we read that &#8222;it would [&hellip;]<\/p>\n","protected":false},"author":1,"featured_media":0,"parent":0,"menu_order":0,"comment_status":"closed","ping_status":"closed","template":"tpl-default-elementor.php","meta":{"footnotes":""},"class_list":["post-1569","page","type-page","status-publish","hentry"],"_links":{"self":[{"href":"https:\/\/kekfestomuzeum.hu\/en\/wp-json\/wp\/v2\/pages\/1569","targetHints":{"allow":["GET"]}}],"collection":[{"href":"https:\/\/kekfestomuzeum.hu\/en\/wp-json\/wp\/v2\/pages"}],"about":[{"href":"https:\/\/kekfestomuzeum.hu\/en\/wp-json\/wp\/v2\/types\/page"}],"author":[{"embeddable":true,"href":"https:\/\/kekfestomuzeum.hu\/en\/wp-json\/wp\/v2\/users\/1"}],"replies":[{"embeddable":true,"href":"https:\/\/kekfestomuzeum.hu\/en\/wp-json\/wp\/v2\/comments?post=1569"}],"version-history":[{"count":12,"href":"https:\/\/kekfestomuzeum.hu\/en\/wp-json\/wp\/v2\/pages\/1569\/revisions"}],"predecessor-version":[{"id":2610,"href":"https:\/\/kekfestomuzeum.hu\/en\/wp-json\/wp\/v2\/pages\/1569\/revisions\/2610"}],"wp:attachment":[{"href":"https:\/\/kekfestomuzeum.hu\/en\/wp-json\/wp\/v2\/media?parent=1569"}],"curies":[{"name":"wp","href":"https:\/\/api.w.org\/{rel}","templated":true}]}}