{"id":1559,"date":"2022-04-25T09:46:22","date_gmt":"2022-04-25T09:46:22","guid":{"rendered":"https:\/\/teszt.kekfestomuzeum.hu\/?page_id=1559"},"modified":"2023-04-04T10:51:42","modified_gmt":"2023-04-04T10:51:42","slug":"building","status":"publish","type":"page","link":"https:\/\/kekfestomuzeum.hu\/en\/building\/","title":{"rendered":"The Museum Building"},"content":{"rendered":"\t\t<div data-elementor-type=\"wp-page\" data-elementor-id=\"1559\" class=\"elementor elementor-1559\">\n\t\t\t\t\t\t\t\t\t<section class=\"elementor-section elementor-top-section elementor-element elementor-element-6fb4e0cd elementor-section-stretched elementor-section-full_width elementor-section-height-default elementor-section-height-default\" data-id=\"6fb4e0cd\" data-element_type=\"section\" data-settings=\"{&quot;stretch_section&quot;:&quot;section-stretched&quot;}\">\n\t\t\t\t\t\t<div class=\"elementor-container elementor-column-gap-no\">\n\t\t\t\t\t<div class=\"elementor-column elementor-col-100 elementor-top-column elementor-element elementor-element-3d9286f3\" data-id=\"3d9286f3\" data-element_type=\"column\">\n\t\t\t<div class=\"elementor-widget-wrap elementor-element-populated\">\n\t\t\t\t\t\t\t\t<div class=\"elementor-element elementor-element-3332ee83 elementor-widget elementor-widget-muzex_about3\" data-id=\"3332ee83\" data-element_type=\"widget\" data-widget_type=\"muzex_about3.default\">\n\t\t\t\t<div class=\"elementor-widget-container\">\n\t\t\t\n        <section class=\"about-four \">\n            <div class=\"container\">\n                <div class=\"about-four__image wow fadeInRight\" data-wow-duration=\"1500ms\">\n                    <img decoding=\"async\" src=\"https:\/\/teszt.kekfestomuzeum.hu\/wp-content\/uploads\/2022\/04\/epulet_small.jpg\" alt=\"Image\">\n                <\/div><!-- \/.about-four__image -->\n                <div class=\"row\">\n                    <div class=\"col-lg-6\">\n                        <div class=\"about-four__content\">\n                            <div class=\"block-title\">\n                                <p>BLUE-DYEING MUSEUM<\/p>\n                                <h3>The Museum Building<\/h3>\n                            <\/div><!-- \/.block-title -->\n                            <div class=\"about-four__highlite-text\">\n                                <p>The first representation of the land that housed the workshop of the Kluge family dates from 1793, its earliest owner is known from the middle of the 18th century.<\/p>\n                            <\/div><!-- \/.about-four__highlite-text -->\n                            <p>We know the former building that stood on the street front from the engraving published in the September 19, 1858 edition of Vas\u00e1rnapi \u00dajs\u00e1g. Carl Friedrich Kluge bought the 18. century building when he moved to P\u00e1pa in 1786. His son K\u00e1roly Kluge (1791 - 1838) can be associated with a building with two shop doors in the first half of the 19th century. The buildings still standing today (residential building, workshop-dryer) were built during the operation of Ferenc Kluge (1827-1871). In 1861, he signed two contracts, one with master builder J\u00f3zsef Woita and one with master carpenter Ferenc Horv\u00e1th for the construction of the new workshop building. The workshop was probably completed in 1863-64, the residential building in 1869.<\/p>\n                            <p>The facade is geometric, arranged on the basis of classicist principles, with romantic decorative elements, with rosettes and garland decorations in the middle of the windows on the first floor and above the shafts. Ferenc's son K\u00e1roly (1853 \u2013 1919) remodeled the street facade and the interior of the residential building and built the \"Little Factory\" on the other side of Tapolca, which was put into operation in 1903. After the early death of Ferenc Kluge (1887 \u2013 1923), B\u00e9la Karcsay (1882 \u2013 1955) managed the company. The workshop ended its operation in 1956.<\/p>\n                        <\/div><!-- \/.about-four__content -->\n                    <\/div><!-- \/.col-lg-6 -->\n                <\/div><!-- \/.row -->\n            <\/div><!-- \/.container -->\n        <\/section><!-- \/.about-four -->\n            \n\t\t\t\t<\/div>\n\t\t\t\t<\/div>\n\t\t\t\t\t<\/div>\n\t\t<\/div>\n\t\t\t\t\t\t\t<\/div>\n\t\t<\/section>\n\t\t\t\t\t\t\t<\/div>\n\t\t","protected":false},"excerpt":{"rendered":"<p>BLUE-DYEING MUSEUM The Museum Building The first representation of the land that housed the workshop of the Kluge family dates from 1793, its earliest owner is known from the middle of the 18th century. We know the former building that stood on the street front from the engraving published in the September 19, 1858 edition [&hellip;]<\/p>\n","protected":false},"author":1,"featured_media":0,"parent":0,"menu_order":0,"comment_status":"closed","ping_status":"closed","template":"tpl-default-elementor.php","meta":{"footnotes":""},"class_list":["post-1559","page","type-page","status-publish","hentry"],"_links":{"self":[{"href":"https:\/\/kekfestomuzeum.hu\/en\/wp-json\/wp\/v2\/pages\/1559","targetHints":{"allow":["GET"]}}],"collection":[{"href":"https:\/\/kekfestomuzeum.hu\/en\/wp-json\/wp\/v2\/pages"}],"about":[{"href":"https:\/\/kekfestomuzeum.hu\/en\/wp-json\/wp\/v2\/types\/page"}],"author":[{"embeddable":true,"href":"https:\/\/kekfestomuzeum.hu\/en\/wp-json\/wp\/v2\/users\/1"}],"replies":[{"embeddable":true,"href":"https:\/\/kekfestomuzeum.hu\/en\/wp-json\/wp\/v2\/comments?post=1559"}],"version-history":[{"count":12,"href":"https:\/\/kekfestomuzeum.hu\/en\/wp-json\/wp\/v2\/pages\/1559\/revisions"}],"predecessor-version":[{"id":2606,"href":"https:\/\/kekfestomuzeum.hu\/en\/wp-json\/wp\/v2\/pages\/1559\/revisions\/2606"}],"wp:attachment":[{"href":"https:\/\/kekfestomuzeum.hu\/en\/wp-json\/wp\/v2\/media?parent=1559"}],"curies":[{"name":"wp","href":"https:\/\/api.w.org\/{rel}","templated":true}]}}