{"id":1512,"date":"2022-04-22T11:42:06","date_gmt":"2022-04-22T11:42:06","guid":{"rendered":"https:\/\/teszt.kekfestomuzeum.hu\/?page_id=1512"},"modified":"2023-04-04T11:52:10","modified_gmt":"2023-04-04T11:52:10","slug":"permanent-exhibition","status":"publish","type":"page","link":"https:\/\/kekfestomuzeum.hu\/en\/permanent-exhibition\/","title":{"rendered":"Permanent exhibition"},"content":{"rendered":"\t\t<div data-elementor-type=\"wp-page\" data-elementor-id=\"1512\" class=\"elementor elementor-1512\">\n\t\t\t\t\t\t\t\t\t<section class=\"elementor-section elementor-top-section elementor-element elementor-element-5dbc498 elementor-section-boxed elementor-section-height-default elementor-section-height-default\" data-id=\"5dbc498\" data-element_type=\"section\">\n\t\t\t\t\t\t<div class=\"elementor-container elementor-column-gap-default\">\n\t\t\t\t\t<div class=\"elementor-column elementor-col-100 elementor-top-column elementor-element elementor-element-7d918174\" data-id=\"7d918174\" data-element_type=\"column\">\n\t\t\t<div class=\"elementor-widget-wrap elementor-element-populated\">\n\t\t\t\t\t\t\t\t<div class=\"elementor-element elementor-element-770ce001 elementor-widget elementor-widget-heading\" data-id=\"770ce001\" data-element_type=\"widget\" data-widget_type=\"heading.default\">\n\t\t\t\t<div class=\"elementor-widget-container\">\n\t\t\t<style>\/*! elementor - v3.11.5 - 14-03-2023 *\/\n.elementor-heading-title{padding:0;margin:0;line-height:1}.elementor-widget-heading .elementor-heading-title[class*=elementor-size-]>a{color:inherit;font-size:inherit;line-height:inherit}.elementor-widget-heading .elementor-heading-title.elementor-size-small{font-size:15px}.elementor-widget-heading .elementor-heading-title.elementor-size-medium{font-size:19px}.elementor-widget-heading .elementor-heading-title.elementor-size-large{font-size:29px}.elementor-widget-heading .elementor-heading-title.elementor-size-xl{font-size:39px}.elementor-widget-heading .elementor-heading-title.elementor-size-xxl{font-size:59px}<\/style><h4 class=\"elementor-heading-title elementor-size-default\"><span style=\"color: rgb(89, 116, 255); font-family: -apple-system, BlinkMacSystemFont, &quot;Segoe UI&quot;, Roboto, &quot;Helvetica Neue&quot;, Arial, &quot;Noto Sans&quot;, sans-serif, &quot;Apple Color Emoji&quot;, &quot;Segoe UI Emoji&quot;, &quot;Segoe UI Symbol&quot;, &quot;Noto Color Emoji&quot;; font-size: 17px; font-weight: 700; letter-spacing: 2.55px; text-align: left; text-transform: uppercase; white-space: normal;\">BLUE-DYEING MUSEUM<\/span><\/h4>\t\t<\/div>\n\t\t\t\t<\/div>\n\t\t\t\t<div class=\"elementor-element elementor-element-449b12a4 elementor-widget elementor-widget-heading\" data-id=\"449b12a4\" data-element_type=\"widget\" data-widget_type=\"heading.default\">\n\t\t\t\t<div class=\"elementor-widget-container\">\n\t\t\t<h2 class=\"elementor-heading-title elementor-size-default\">What Can You See With a Guided Tour?<\/h2>\t\t<\/div>\n\t\t\t\t<\/div>\n\t\t\t\t<section class=\"elementor-section elementor-inner-section elementor-element elementor-element-3e7e318f elementor-section-boxed elementor-section-height-default elementor-section-height-default\" data-id=\"3e7e318f\" data-element_type=\"section\">\n\t\t\t\t\t\t<div class=\"elementor-container elementor-column-gap-default\">\n\t\t\t\t\t<div class=\"elementor-column elementor-col-50 elementor-inner-column elementor-element elementor-element-2bab4141\" data-id=\"2bab4141\" data-element_type=\"column\">\n\t\t\t<div class=\"elementor-widget-wrap elementor-element-populated\">\n\t\t\t\t\t\t\t\t<div class=\"elementor-element elementor-element-41b282ad elementor-widget elementor-widget-image\" data-id=\"41b282ad\" data-element_type=\"widget\" data-widget_type=\"image.default\">\n\t\t\t\t<div class=\"elementor-widget-container\">\n\t\t\t<style>\/*! elementor - v3.11.5 - 14-03-2023 *\/\n.elementor-widget-image{text-align:center}.elementor-widget-image a{display:inline-block}.elementor-widget-image a img[src$=\".svg\"]{width:48px}.elementor-widget-image img{vertical-align:middle;display:inline-block}<\/style>\t\t\t\t\t\t\t\t\t\t\t\t<img loading=\"lazy\" decoding=\"async\" width=\"455\" height=\"1024\" src=\"https:\/\/kekfestomuzeum.hu\/en\/wp-content\/uploads\/2022\/04\/kiallitas_big-455x1024.jpg\" class=\"attachment-large size-large wp-image-1535\" alt=\"\" srcset=\"https:\/\/kekfestomuzeum.hu\/en\/wp-content\/uploads\/2022\/04\/kiallitas_big-455x1024.jpg 455w, https:\/\/kekfestomuzeum.hu\/en\/wp-content\/uploads\/2022\/04\/kiallitas_big-133x300.jpg 133w, https:\/\/kekfestomuzeum.hu\/en\/wp-content\/uploads\/2022\/04\/kiallitas_big-768x1728.jpg 768w, https:\/\/kekfestomuzeum.hu\/en\/wp-content\/uploads\/2022\/04\/kiallitas_big-683x1536.jpg 683w, https:\/\/kekfestomuzeum.hu\/en\/wp-content\/uploads\/2022\/04\/kiallitas_big.jpg 889w\" sizes=\"auto, (max-width: 455px) 100vw, 455px\" \/>\t\t\t\t\t\t\t\t\t\t\t\t\t\t\t<\/div>\n\t\t\t\t<\/div>\n\t\t\t\t\t<\/div>\n\t\t<\/div>\n\t\t\t\t<div class=\"elementor-column elementor-col-50 elementor-inner-column elementor-element elementor-element-2813d18f\" data-id=\"2813d18f\" data-element_type=\"column\">\n\t\t\t<div class=\"elementor-widget-wrap elementor-element-populated\">\n\t\t\t\t\t\t\t\t<div class=\"elementor-element elementor-element-2f37104c elementor-widget elementor-widget-heading\" data-id=\"2f37104c\" data-element_type=\"widget\" data-widget_type=\"heading.default\">\n\t\t\t\t<div class=\"elementor-widget-container\">\n\t\t\t<h3 class=\"elementor-heading-title elementor-size-default\">From the basement to the attic<\/h3>\t\t<\/div>\n\t\t\t\t<\/div>\n\t\t\t\t<div class=\"elementor-element elementor-element-73b4d98e elementor-widget elementor-widget-text-editor\" data-id=\"73b4d98e\" data-element_type=\"widget\" data-widget_type=\"text-editor.default\">\n\t\t\t\t<div class=\"elementor-widget-container\">\n\t\t\t<style>\/*! elementor - v3.11.5 - 14-03-2023 *\/\n.elementor-widget-text-editor.elementor-drop-cap-view-stacked .elementor-drop-cap{background-color:#818a91;color:#fff}.elementor-widget-text-editor.elementor-drop-cap-view-framed .elementor-drop-cap{color:#818a91;border:3px solid;background-color:transparent}.elementor-widget-text-editor:not(.elementor-drop-cap-view-default) .elementor-drop-cap{margin-top:8px}.elementor-widget-text-editor:not(.elementor-drop-cap-view-default) .elementor-drop-cap-letter{width:1em;height:1em}.elementor-widget-text-editor .elementor-drop-cap{float:left;text-align:center;line-height:1;font-size:50px}.elementor-widget-text-editor .elementor-drop-cap-letter{display:inline-block}<\/style>\t\t\t\t<p><strong>The only blue painter workshop in Central Europe that can be visited and has survived with its complete equipment is located in P\u00e1pa.<\/strong><\/p><p>The Kluge family\u2019s workshop transformed into a museum in 1962. The Blue Press Museum is the city\u2019s pride. The Kluge family, who came from Sorau in Saxony, started blue painting in S\u00e1rv\u00e1r in 1783, then moved to P\u00e1p\u00e1 in 1786. The atmosphere of the fully preserved blue painter workshop, indigo and the smell of the starch are still preserved in the walls.<\/p><p>Get to know the secrets of the craft, follow how the wonderful blue dyed cloth is made from the white canvas:<\/p><p>in the workshop, the preparation of the material, hardening, patterning and its incomparably rich collection of samples, the laboratory&#8217;s now unknown-sounding chemicals, the impressive tub room with 16 painting basins and the impressive drying attic.<\/p><p>Walking among the machines of the small factory, we wait for the moment when the machinist heats up the boiler, the steam engine starts working and the whole workshop pulsates again.<\/p><p>In the basement, we can meet Samu, the last mangel horse and the huge mangel device he kept in motion, used for smoothing and polishing the fabric.<\/p><p>A row of fair tents full of even more beautiful blue-painted products once awaited customers. Seeing the products of the five working workshops makes us want to enrich our apartment or our clothes with a piece of blue paint.<\/p><p>The art of blue painting is not only present in everyday life, Ir\u00e9n B\u00f3dy\u2019s beautiful custom-designed works in the drying attic will prove that theory.<\/p><p>With the experience of visiting the workshop, we can live the experience of creating something with our hands: we can pattern, design, and make our T-shirt, scarf, and bag with a blue painter pattern.<\/p><p>Our escape rooms offer exciting and bonding social time for adults and children.<\/p><p>\u00a0<\/p><p><strong>In 2018, the Hungarian blue painting tradition was added to the representative list of UNESCO&#8217;s intellectual cultural heritage within the framework of a joint European promotion.<\/strong><\/p>\t\t\t\t\t\t<\/div>\n\t\t\t\t<\/div>\n\t\t\t\t<div class=\"elementor-element elementor-element-142d50e4 elementor-widget elementor-widget-text-editor\" data-id=\"142d50e4\" data-element_type=\"widget\" data-widget_type=\"text-editor.default\">\n\t\t\t\t<div class=\"elementor-widget-container\">\n\t\t\t\t\t\t\t\t\t\t\t\t\t<\/div>\n\t\t\t\t<\/div>\n\t\t\t\t\t<\/div>\n\t\t<\/div>\n\t\t\t\t\t\t\t<\/div>\n\t\t<\/section>\n\t\t\t\t\t<\/div>\n\t\t<\/div>\n\t\t\t\t\t\t\t<\/div>\n\t\t<\/section>\n\t\t\t\t<section class=\"elementor-section elementor-top-section elementor-element elementor-element-3c701370 elementor-section-stretched elementor-section-full_width elementor-section-height-default elementor-section-height-default\" data-id=\"3c701370\" data-element_type=\"section\" data-settings=\"{&quot;stretch_section&quot;:&quot;section-stretched&quot;}\">\n\t\t\t\t\t\t<div class=\"elementor-container elementor-column-gap-no\">\n\t\t\t\t\t<div class=\"elementor-column elementor-col-100 elementor-top-column elementor-element elementor-element-66bd762c\" data-id=\"66bd762c\" data-element_type=\"column\">\n\t\t\t<div class=\"elementor-widget-wrap elementor-element-populated\">\n\t\t\t\t\t\t\t\t<div class=\"elementor-element elementor-element-1679de60 elementor-widget elementor-widget-muzex_video\" data-id=\"1679de60\" data-element_type=\"widget\" data-widget_type=\"muzex_video.default\">\n\t\t\t\t<div class=\"elementor-widget-container\">\n\t\t\t\n\n        <section class=\"video-one text-center\" style=\"background-image: url(https:\/\/teszt.kekfestomuzeum.hu\/wp-content\/uploads\/2022\/04\/video_parallax.jpg);\">\n            <div class=\"container\">\n                <a href=\"https:\/\/www.youtube.com\/watch?v=mQ8o37g52Hs\" class=\"video-popup video-one__btn\"><i class=\"fa fa-play\"><\/i><\/a><!-- \/.video-popup video-one__btn -->\n            <\/div><!-- \/.container -->\n        <\/section><!-- \/.video-one -->\n\n            \n\t\t\t\t<\/div>\n\t\t\t\t<\/div>\n\t\t\t\t\t<\/div>\n\t\t<\/div>\n\t\t\t\t\t\t\t<\/div>\n\t\t<\/section>\n\t\t\t\t\t\t\t<\/div>\n\t\t","protected":false},"excerpt":{"rendered":"<p>BLUE-DYEING MUSEUM What Can You See With a Guided Tour? From the basement to the attic The only blue painter workshop in Central Europe that can be visited and has survived with its complete equipment is located in P\u00e1pa. The Kluge family\u2019s workshop transformed into a museum in 1962. The Blue Press Museum is the [&hellip;]<\/p>\n","protected":false},"author":1,"featured_media":0,"parent":0,"menu_order":0,"comment_status":"closed","ping_status":"closed","template":"tpl-default-elementor.php","meta":{"footnotes":""},"class_list":["post-1512","page","type-page","status-publish","hentry"],"_links":{"self":[{"href":"https:\/\/kekfestomuzeum.hu\/en\/wp-json\/wp\/v2\/pages\/1512","targetHints":{"allow":["GET"]}}],"collection":[{"href":"https:\/\/kekfestomuzeum.hu\/en\/wp-json\/wp\/v2\/pages"}],"about":[{"href":"https:\/\/kekfestomuzeum.hu\/en\/wp-json\/wp\/v2\/types\/page"}],"author":[{"embeddable":true,"href":"https:\/\/kekfestomuzeum.hu\/en\/wp-json\/wp\/v2\/users\/1"}],"replies":[{"embeddable":true,"href":"https:\/\/kekfestomuzeum.hu\/en\/wp-json\/wp\/v2\/comments?post=1512"}],"version-history":[{"count":20,"href":"https:\/\/kekfestomuzeum.hu\/en\/wp-json\/wp\/v2\/pages\/1512\/revisions"}],"predecessor-version":[{"id":2650,"href":"https:\/\/kekfestomuzeum.hu\/en\/wp-json\/wp\/v2\/pages\/1512\/revisions\/2650"}],"wp:attachment":[{"href":"https:\/\/kekfestomuzeum.hu\/en\/wp-json\/wp\/v2\/media?parent=1512"}],"curies":[{"name":"wp","href":"https:\/\/api.w.org\/{rel}","templated":true}]}}