{"id":1396,"date":"2022-04-10T20:37:12","date_gmt":"2022-04-10T20:37:12","guid":{"rendered":"https:\/\/teszt.kekfestomuzeum.hu\/?page_id=1396"},"modified":"2023-03-31T11:11:57","modified_gmt":"2023-03-31T11:11:57","slug":"approach","status":"publish","type":"page","link":"https:\/\/kekfestomuzeum.hu\/en\/approach\/","title":{"rendered":"Approach"},"content":{"rendered":"\t\t<div data-elementor-type=\"wp-page\" data-elementor-id=\"1396\" class=\"elementor elementor-1396\">\n\t\t\t\t\t\t\t\t\t<section class=\"elementor-section elementor-top-section elementor-element elementor-element-16e9b551 elementor-section-stretched elementor-section-full_width elementor-section-height-default elementor-section-height-default\" data-id=\"16e9b551\" data-element_type=\"section\" data-settings=\"{&quot;stretch_section&quot;:&quot;section-stretched&quot;}\">\n\t\t\t\t\t\t<div class=\"elementor-container elementor-column-gap-no\">\n\t\t\t\t\t<div class=\"elementor-column elementor-col-100 elementor-top-column elementor-element elementor-element-1c2dd1ed\" data-id=\"1c2dd1ed\" data-element_type=\"column\">\n\t\t\t<div class=\"elementor-widget-wrap elementor-element-populated\">\n\t\t\t\t\t\t\t\t<div class=\"elementor-element elementor-element-79e4e6b5 elementor-widget elementor-widget-muzex_about3\" data-id=\"79e4e6b5\" data-element_type=\"widget\" data-widget_type=\"muzex_about3.default\">\n\t\t\t\t<div class=\"elementor-widget-container\">\n\t\t\t\n        <section class=\"about-four \">\n            <div class=\"container\">\n                <div class=\"about-four__image wow fadeInRight\" data-wow-duration=\"1500ms\">\n                    <img decoding=\"async\" src=\"https:\/\/teszt.kekfestomuzeum.hu\/wp-content\/uploads\/2022\/04\/megkozelites.jpg\" alt=\"Image\">\n                <\/div><!-- \/.about-four__image -->\n                <div class=\"row\">\n                    <div class=\"col-lg-6\">\n                        <div class=\"about-four__content\">\n                            <div class=\"block-title\">\n                                <p>BLUE-DYEING MUSEUM<\/p>\n                                <h3>Approach and parking <\/h3>\n                            <\/div><!-- \/.block-title -->\n                            <div class=\"about-four__highlite-text\">\n                                <p>The museum\u2019s address: 8500 P\u00e1pa, M\u00e1rcius 15. t\u00e9r 12. <\/p>\n                            <\/div><!-- \/.about-four__highlite-text -->\n                            <p><b>By bus<\/b><\/br>\nIf you arrive in P\u00e1pa by a scheduled long-distance bus, you must get off at the bus station. The Blue Paint Museum is about 400 meters away from the bus station. You can reach M\u00e1rcius 15. t\u00e9r by a few minutes\u2019 walk from the Roman Catholic Church on the main square. If you arrive by other means of transport, the vehicle can wait in the parking lot next to the Esterh\u00e1zy Castle.<\/br><\/br>\n\n<b>By train<\/b><\/br>\nFrom the train station the Esterh\u00e1zy street leads you to the Esterh\u00e1zy Castle\u2019s park, the Castlepark. By walking through the park you get to the bus station and the market, where you can already see the Roman Catholic Church\u2019s towers. . A few minutes' walk away from the church on the main street of the city, we reach M\u00e1rcius 15.t\u00e9r. The museum building is on the left, opposite side to the Reformed Church. The duration of the trip on foot is about 20 minutes.<\/br><\/br>\n<b>By car<\/b><\/br>\n\nAround the museum you have to buy a parking ticket. Parking space for the disabled can be found on J\u00f3kai street, which is about 20-30 meters away to the left.<\/br><\/br>\n\n<b>By bicycle<\/b><\/br>\nFor those arriving by bicycle, there is a limited number of places to park their vehicle under the Museum's gates.\n<\/p>\n                            <p><\/p>\n                        <\/div><!-- \/.about-four__content -->\n                    <\/div><!-- \/.col-lg-6 -->\n                <\/div><!-- \/.row -->\n            <\/div><!-- \/.container -->\n        <\/section><!-- \/.about-four -->\n            \n\t\t\t\t<\/div>\n\t\t\t\t<\/div>\n\t\t\t\t\t<\/div>\n\t\t<\/div>\n\t\t\t\t\t\t\t<\/div>\n\t\t<\/section>\n\t\t\t\t\t\t\t<\/div>\n\t\t","protected":false},"excerpt":{"rendered":"<p>BLUE-DYEING MUSEUM Approach and parking The museum\u2019s address: 8500 P\u00e1pa, M\u00e1rcius 15. t\u00e9r 12. By bus If you arrive in P\u00e1pa by a scheduled long-distance bus, you must get off at the bus station. The Blue Paint Museum is about 400 meters away from the bus station. You can reach M\u00e1rcius 15. t\u00e9r by a [&hellip;]<\/p>\n","protected":false},"author":1,"featured_media":0,"parent":0,"menu_order":0,"comment_status":"closed","ping_status":"closed","template":"tpl-default-elementor.php","meta":{"footnotes":""},"class_list":["post-1396","page","type-page","status-publish","hentry"],"_links":{"self":[{"href":"https:\/\/kekfestomuzeum.hu\/en\/wp-json\/wp\/v2\/pages\/1396","targetHints":{"allow":["GET"]}}],"collection":[{"href":"https:\/\/kekfestomuzeum.hu\/en\/wp-json\/wp\/v2\/pages"}],"about":[{"href":"https:\/\/kekfestomuzeum.hu\/en\/wp-json\/wp\/v2\/types\/page"}],"author":[{"embeddable":true,"href":"https:\/\/kekfestomuzeum.hu\/en\/wp-json\/wp\/v2\/users\/1"}],"replies":[{"embeddable":true,"href":"https:\/\/kekfestomuzeum.hu\/en\/wp-json\/wp\/v2\/comments?post=1396"}],"version-history":[{"count":17,"href":"https:\/\/kekfestomuzeum.hu\/en\/wp-json\/wp\/v2\/pages\/1396\/revisions"}],"predecessor-version":[{"id":2551,"href":"https:\/\/kekfestomuzeum.hu\/en\/wp-json\/wp\/v2\/pages\/1396\/revisions\/2551"}],"wp:attachment":[{"href":"https:\/\/kekfestomuzeum.hu\/en\/wp-json\/wp\/v2\/media?parent=1396"}],"curies":[{"name":"wp","href":"https:\/\/api.w.org\/{rel}","templated":true}]}}