{"id":1331,"date":"2022-04-06T08:49:29","date_gmt":"2022-04-06T08:49:29","guid":{"rendered":"https:\/\/teszt.kekfestomuzeum.hu\/?page_id=1331"},"modified":"2026-02-04T10:29:10","modified_gmt":"2026-02-04T10:29:10","slug":"ticket-prices","status":"publish","type":"page","link":"https:\/\/kekfestomuzeum.hu\/en\/ticket-prices\/","title":{"rendered":"Bel\u00e9p\u0151jegyek"},"content":{"rendered":"\t\t<div data-elementor-type=\"wp-page\" data-elementor-id=\"1331\" class=\"elementor elementor-1331\" data-elementor-post-type=\"page\">\n\t\t\t\t\t\t<section class=\"elementor-section elementor-top-section elementor-element elementor-element-3ed36ce0 elementor-section-stretched elementor-section-full_width elementor-section-height-default elementor-section-height-default\" data-id=\"3ed36ce0\" data-element_type=\"section\" data-e-type=\"section\" data-settings=\"{&quot;stretch_section&quot;:&quot;section-stretched&quot;}\">\n\t\t\t\t\t\t<div class=\"elementor-container elementor-column-gap-no\">\n\t\t\t\t\t<div class=\"elementor-column elementor-col-100 elementor-top-column elementor-element elementor-element-6966c036\" data-id=\"6966c036\" data-element_type=\"column\" data-e-type=\"column\">\n\t\t\t<div class=\"elementor-widget-wrap elementor-element-populated\">\n\t\t\t\t\t\t<div class=\"elementor-element elementor-element-2ab1e87e elementor-widget elementor-widget-muzex_about3\" data-id=\"2ab1e87e\" data-element_type=\"widget\" data-e-type=\"widget\" data-widget_type=\"muzex_about3.default\">\n\t\t\t\t<div class=\"elementor-widget-container\">\n\t\t\t\t\t\n        <section class=\"about-four \">\n            <div class=\"container\">\n                <div class=\"about-four__image wow fadeInRight\" data-wow-duration=\"1500ms\">\n                    <img decoding=\"async\" src=\"https:\/\/teszt.kekfestomuzeum.hu\/wp-content\/uploads\/2022\/04\/jegy.jpg\" alt=\"Image\">\n                <\/div><!-- \/.about-four__image -->\n                <div class=\"row\">\n                    <div class=\"col-lg-6\">\n                        <div class=\"about-four__content\">\n                            <div class=\"block-title\">\n                                <p>Blue-dyeing museum<\/p>\n                                <h3>Ticket prices<\/h3>\n                            <\/div><!-- \/.block-title -->\n                            <div class=\"about-four__highlite-text\">\n                                <p>Full-price ticket: <b>3,400HUF\/person<\/b> <\/br>\nReduced ticket: <b> 1,900 HUF\/person<\/b> <\/br><\/br>\nFamily tickets:<\/br>\n2 adults + 1 child: <b> 7,000 HUF<\/b> <\/br>\n2 adults + 2 children: <b> 7,600 HUF<\/b> <\/br>\nAdditional child ticket: <b> 1,000 HUF\/person<\/b> <\/br><\/br>\nGuided tour fee:\nMinimum 6 persons: <b> 600 HUF\/person<\/b> <\/br><\/br>\nPremium Ticket (valid for 3 days)<\/br>\nValid for the permanent and temporary exhibitions of the Esterh\u00e1zy Palace in P\u00e1pa, the Count Esterh\u00e1zy K\u00e1roly Museum, the Blue Dyeing Museum, and the Pet\u0151fi House.<\/br><\/br>\nFull-price ticket: <b> 10,000 HUF\/person<\/b> <\/br>\nUnder 18 years, over 70 years: <b> 4,200 HUF\/person<\/b> <\/br>\nAges 18\u201326 and 62\u201370: <b> 4,800 HUF\/person<\/b> <\/br>\nOver 70 years: <b> 3,600 HUF\/person<\/b> <\/br>\nFamily ticket (2 adults + 2 children): <b> 25,000 HUF<\/b> <\/br>\nAdditional child ticket: <b> 4,000 HUF\/person<\/b> <\/br><\/br>\n\n<b> Interactive Programs<\/b> <\/br>\n(For groups only, prior registration required)<\/br>\nGroups over 10 persons: <b> 1,900 HUF\/person<\/b> <\/br>\nGroups from P\u00e1pa: <b> 1,700 HUF\/person<\/b> <\/br><\/br>\nPositive Print Workshops\n(Prior registration required)<\/br>\nCosmetic bag printing: <b> 2,000 HUF\/person\/item<\/b> <\/br>\nTablecloth printing: <b> 2,500 HUF\/person\/item<\/b> <\/br>\nScarf printing: <b> 2,500 HUF\/person\/item<\/b> <\/br>\nCanvas bag printing: <b> 3,000 HUF\/person\/item<\/b> <\/br>\nT-shirt printing: <b> 3,600 HUF\/person\/item<\/b> \n<\/p>\n                            <\/div><!-- \/.about-four__highlite-text -->\n                            <p><b>Discounts & Important Information<\/b><\/br>\nVisitors entitled under Government Decree 194\/2000 (XI.24.) may enter the museum with a reduced or free ticket.\nVisitors with free admission are charged a one-time technical fee of 400 HUF\/person.\nPrices are valid from 1 February 2026, are in Hungarian Forints and include VAT.\n<\/p>\n                            <p> <b>Means of payment <\/b><\/br>\nBank cards (Mastercard, Visa, Maestro),\nCash,\nSZ\u00c9P Card,<\/br>\nFor groups: advance payment by bank transfer (invoice provided).<\/br>\nEuros are not accepted.\n\n<\/br><\/br>\n <b>Tours  <\/b><\/br>\nMaximum group size: 25 persons<\/br>\nLarger groups will be divided<\/br>\nGuided tours are currently available in Hungarian only\n  <\/br><\/br>\n\n<b>Accessibility<\/b><\/br>\nThe museum building is partially accessible.\nVisitors with reduced mobility can access:\npart of the ground floor exhibition (\u201cThe Blue-Dyed Craft\u201d).\n<\/p>\n                        <\/div><!-- \/.about-four__content -->\n                    <\/div><!-- \/.col-lg-6 -->\n                <\/div><!-- \/.row -->\n            <\/div><!-- \/.container -->\n        <\/section><!-- \/.about-four -->\n            \n\t\t\t\t\t\t<\/div>\n\t\t\t\t<\/div>\n\t\t\t\t\t<\/div>\n\t\t<\/div>\n\t\t\t\t\t<\/div>\n\t\t<\/section>\n\t\t\t\t<\/div>\n\t\t","protected":false},"excerpt":{"rendered":"<p>Blue-dyeing museum Ticket prices Full-price ticket: 3,400HUF\/person Reduced ticket: 1,900 HUF\/person Family tickets: 2 adults + 1 child: 7,000 HUF 2 adults + 2 children: 7,600 HUF Additional child ticket: 1,000 HUF\/person Guided tour fee: Minimum 6 persons: 600 HUF\/person Premium Ticket (valid for 3 days) Valid for the permanent and temporary exhibitions of the [&hellip;]<\/p>\n","protected":false},"author":1,"featured_media":0,"parent":0,"menu_order":0,"comment_status":"closed","ping_status":"closed","template":"tpl-default-elementor.php","meta":{"footnotes":""},"class_list":["post-1331","page","type-page","status-publish","hentry"],"_links":{"self":[{"href":"https:\/\/kekfestomuzeum.hu\/en\/wp-json\/wp\/v2\/pages\/1331","targetHints":{"allow":["GET"]}}],"collection":[{"href":"https:\/\/kekfestomuzeum.hu\/en\/wp-json\/wp\/v2\/pages"}],"about":[{"href":"https:\/\/kekfestomuzeum.hu\/en\/wp-json\/wp\/v2\/types\/page"}],"author":[{"embeddable":true,"href":"https:\/\/kekfestomuzeum.hu\/en\/wp-json\/wp\/v2\/users\/1"}],"replies":[{"embeddable":true,"href":"https:\/\/kekfestomuzeum.hu\/en\/wp-json\/wp\/v2\/comments?post=1331"}],"version-history":[{"count":82,"href":"https:\/\/kekfestomuzeum.hu\/en\/wp-json\/wp\/v2\/pages\/1331\/revisions"}],"predecessor-version":[{"id":2720,"href":"https:\/\/kekfestomuzeum.hu\/en\/wp-json\/wp\/v2\/pages\/1331\/revisions\/2720"}],"wp:attachment":[{"href":"https:\/\/kekfestomuzeum.hu\/en\/wp-json\/wp\/v2\/media?parent=1331"}],"curies":[{"name":"wp","href":"https:\/\/api.w.org\/{rel}","templated":true}]}}