{"id":342,"date":"2020-05-14T05:18:40","date_gmt":"2020-05-14T05:18:40","guid":{"rendered":"https:\/\/old3.commonsupport.com\/wp\/muzex\/?page_id=342"},"modified":"2023-04-12T08:04:27","modified_gmt":"2023-04-12T08:04:27","slug":"ausstellungen","status":"publish","type":"page","link":"https:\/\/kekfestomuzeum.hu\/de\/ausstellungen\/","title":{"rendered":"Ausstellungen"},"content":{"rendered":"\t\t<div data-elementor-type=\"wp-page\" data-elementor-id=\"342\" class=\"elementor elementor-342\" data-elementor-post-type=\"page\">\n\t\t\t\t\t\t<section class=\"elementor-section elementor-top-section elementor-element elementor-element-611c2a6e elementor-section-stretched elementor-section-full_width elementor-section-height-default elementor-section-height-default\" data-id=\"611c2a6e\" data-element_type=\"section\" data-e-type=\"section\" data-settings=\"{&quot;stretch_section&quot;:&quot;section-stretched&quot;}\">\n\t\t\t\t\t\t<div class=\"elementor-container elementor-column-gap-no\">\n\t\t\t\t\t<div class=\"elementor-column elementor-col-100 elementor-top-column elementor-element elementor-element-10aa221c\" data-id=\"10aa221c\" data-element_type=\"column\" data-e-type=\"column\">\n\t\t\t<div class=\"elementor-widget-wrap elementor-element-populated\">\n\t\t\t\t\t\t<div class=\"elementor-element elementor-element-9b9d6ad elementor-widget elementor-widget-muzex_event3\" data-id=\"9b9d6ad\" data-element_type=\"widget\" data-e-type=\"widget\" data-widget_type=\"muzex_event3.default\">\n\t\t\t\t<div class=\"elementor-widget-container\">\n\t\t\t\t\t\n        <section class=\"event-two event-two__event-1-page \">\n            <div class=\"container\">\n\t\t\t\n\t\t\t\t\t\n\t\t\t\n                <div class=\"event-two__single\">\n                    <div class=\"row\">\n                        <div class=\"col-lg-5 wow fadeInLeft\" data-wow-duration=\"1500ms\">\n                            <div class=\"event-two__image\">\n                                <div class=\"event-two__image-inner\">\n                                    <img decoding=\"async\" src=\"https:\/\/teszt.kekfestomuzeum.hu\/wp-content\/uploads\/2022\/04\/kiallitas1.jpg\" alt=\"Image\">\n                                <\/div><!-- \/.event-two__image-inner -->\n                            <\/div><!-- \/.event-two__image -->\n                        <\/div><!-- \/.col-lg-5 -->\n                        <div class=\"col-lg-7 d-flex\">\n                            <div class=\"my-auto\">\n                                <div class=\"event-two__content\">\n                                    <div class=\"block-title event-two__title\">\n                                        <p>BLAUDRUCKEREI-MUSEUM<\/p>\n                                        <h3>Dauerausstellung<\/h3>\n                                    <\/div><!-- \/.event-two__title -->\n                                    <p>In P\u00e1pa befindet sich die einzige Bladruckwerkstatt in Mitteleuropa, die besichtigt werden kann und mit ihrer kompletten Ausstattung erhalten geblieben ist.\nDie Werkstatt der Familie Kluge wurde 1962 in ein Museum umgewandelt. Das Blaudruckerei-Museum ist der Stolz der Stadt.                                     <\/p>\n                                    <a href=\"https:\/\/kekfestomuzeum.hu\/de\/dauerausstellung\/\" class=\"thm-btn event-two__btn\">Mehr Details<\/a><!-- \/.thm-btn event-two__btn -->\n                                <\/div><!-- \/.event-two__content -->\n\n                            <\/div><!-- \/.my-auto -->\n                        <\/div><!-- \/.col-lg-7 -->\n                    <\/div><!-- \/.row -->\n                <\/div><!-- \/.event-two__single -->\n\t\t\t\t\n\t\t\t\t\t\n\t\t\t\n                <div class=\"event-two__single\">\n                    <div class=\"row\">\n                        <div class=\"col-lg-5 wow fadeInLeft\" data-wow-duration=\"1500ms\">\n                            <div class=\"event-two__image\">\n                                <div class=\"event-two__image-inner\">\n                                    <img decoding=\"async\" src=\"https:\/\/teszt.kekfestomuzeum.hu\/wp-content\/uploads\/2022\/06\/virtualis-kiallitas-bg.jpg\" alt=\"Image\">\n                                <\/div><!-- \/.event-two__image-inner -->\n                            <\/div><!-- \/.event-two__image -->\n                        <\/div><!-- \/.col-lg-5 -->\n                        <div class=\"col-lg-7 d-flex\">\n                            <div class=\"my-auto\">\n                                <div class=\"event-two__content\">\n                                    <div class=\"block-title event-two__title\">\n                                        <p>Pr\u00e4sentation des Museums<\/p>\n                                        <h3>Virtuelle Ausstellung<\/h3>\n                                    <\/div><!-- \/.event-two__title -->\n                                    <p>Die virtuelle Ausstellung, die den Teil des  Kulturerbes vom Blaudruck und des Arbeitsprozesses zeigt, hilft, unsere Dauerausstellung mit weiteren interessanten Informationen zu f\u00fcllen.                                    <\/p>\n                                    <a href=\"https:\/\/kekfestomuzeum.hu\/de\/virtuelle-ausstellung\/\" class=\"thm-btn event-two__btn\">Mehr Details<\/a><!-- \/.thm-btn event-two__btn -->\n                                <\/div><!-- \/.event-two__content -->\n\n                            <\/div><!-- \/.my-auto -->\n                        <\/div><!-- \/.col-lg-7 -->\n                    <\/div><!-- \/.row -->\n                <\/div><!-- \/.event-two__single -->\n\t\t\t\t\n\t\t\t\t\t\t\t\t\n                <div class=\"text-center d-flex justify-content-center align-items-center\">\n                    <div class=\"more-post__block\">\n                        <a class=\"more-post__link\" href=\"https:\/\/kekfestomuzeum.hu\/de\/permanent-exhibition\/\">\n                            Kontakt\t\t\t\t\t\t\t<span class=\"curved-circle\">\u00dczenet k\u00fcld\u00e9se &nbsp;&emsp;\u00dczenet k\u00fcld\u00e9se &nbsp;&emsp;\u00dczenet k\u00fcld\u00e9se &nbsp;&emsp;<\/span>\n                            <!-- \/.curved-circle -->\n                        <\/a>\n                    <\/div><!-- \/.more-post__block -->\n\n                <\/div><!-- \/.text-center -->\n            <\/div><!-- \/.container -->\n        <\/section><!-- \/.event-two -->\n            \n\t\t\t\t\t\t<\/div>\n\t\t\t\t<\/div>\n\t\t\t\t\t<\/div>\n\t\t<\/div>\n\t\t\t\t\t<\/div>\n\t\t<\/section>\n\t\t\t\t<\/div>\n\t\t","protected":false},"excerpt":{"rendered":"<p>BLAUDRUCKEREI-MUSEUM Dauerausstellung In P\u00e1pa befindet sich die einzige Bladruckwerkstatt in Mitteleuropa, die besichtigt werden kann und mit ihrer kompletten Ausstattung erhalten geblieben ist. Die Werkstatt der Familie Kluge wurde 1962 in ein Museum umgewandelt. Das Blaudruckerei-Museum ist der Stolz der Stadt. Mehr Details Pr\u00e4sentation des Museums Virtuelle Ausstellung Die virtuelle Ausstellung, die den Teil des [&hellip;]<\/p>\n","protected":false},"author":1,"featured_media":0,"parent":0,"menu_order":0,"comment_status":"closed","ping_status":"closed","template":"tpl-default-elementor.php","meta":{"footnotes":""},"class_list":["post-342","page","type-page","status-publish","hentry"],"_links":{"self":[{"href":"https:\/\/kekfestomuzeum.hu\/de\/wp-json\/wp\/v2\/pages\/342","targetHints":{"allow":["GET"]}}],"collection":[{"href":"https:\/\/kekfestomuzeum.hu\/de\/wp-json\/wp\/v2\/pages"}],"about":[{"href":"https:\/\/kekfestomuzeum.hu\/de\/wp-json\/wp\/v2\/types\/page"}],"author":[{"embeddable":true,"href":"https:\/\/kekfestomuzeum.hu\/de\/wp-json\/wp\/v2\/users\/1"}],"replies":[{"embeddable":true,"href":"https:\/\/kekfestomuzeum.hu\/de\/wp-json\/wp\/v2\/comments?post=342"}],"version-history":[{"count":103,"href":"https:\/\/kekfestomuzeum.hu\/de\/wp-json\/wp\/v2\/pages\/342\/revisions"}],"predecessor-version":[{"id":2740,"href":"https:\/\/kekfestomuzeum.hu\/de\/wp-json\/wp\/v2\/pages\/342\/revisions\/2740"}],"wp:attachment":[{"href":"https:\/\/kekfestomuzeum.hu\/de\/wp-json\/wp\/v2\/media?parent=342"}],"curies":[{"name":"wp","href":"https:\/\/api.w.org\/{rel}","templated":true}]}}