{"id":1912,"date":"2022-06-24T07:54:28","date_gmt":"2022-06-24T07:54:28","guid":{"rendered":"https:\/\/teszt.kekfestomuzeum.hu\/?page_id=1912"},"modified":"2023-04-12T08:02:26","modified_gmt":"2023-04-12T08:02:26","slug":"virtuelle-ausstellung","status":"publish","type":"page","link":"https:\/\/kekfestomuzeum.hu\/de\/virtuelle-ausstellung\/","title":{"rendered":"Virtuelle Ausstellung"},"content":{"rendered":"\t\t<div data-elementor-type=\"wp-page\" data-elementor-id=\"1912\" class=\"elementor elementor-1912\" data-elementor-post-type=\"page\">\n\t\t\t\t\t\t<section class=\"elementor-section elementor-top-section elementor-element elementor-element-296bc06 elementor-section-boxed elementor-section-height-default elementor-section-height-default\" data-id=\"296bc06\" data-element_type=\"section\" data-e-type=\"section\">\n\t\t\t\t\t\t<div class=\"elementor-container elementor-column-gap-default\">\n\t\t\t\t\t<div class=\"elementor-column elementor-col-100 elementor-top-column elementor-element elementor-element-15393b2\" data-id=\"15393b2\" data-element_type=\"column\" data-e-type=\"column\">\n\t\t\t<div class=\"elementor-widget-wrap\">\n\t\t\t\t\t\t\t<\/div>\n\t\t<\/div>\n\t\t\t\t\t<\/div>\n\t\t<\/section>\n\t\t\t\t<section class=\"elementor-section elementor-top-section elementor-element elementor-element-69c4a7bb elementor-section-content-middle elementor-section-boxed elementor-section-height-default elementor-section-height-default\" data-id=\"69c4a7bb\" data-element_type=\"section\" data-e-type=\"section\">\n\t\t\t\t\t\t\t<div class=\"elementor-background-overlay\"><\/div>\n\t\t\t\t\t\t\t<div class=\"elementor-container elementor-column-gap-no\">\n\t\t\t\t\t<div class=\"elementor-column elementor-col-100 elementor-top-column elementor-element elementor-element-3b9ddc95\" data-id=\"3b9ddc95\" data-element_type=\"column\" data-e-type=\"column\">\n\t\t\t<div class=\"elementor-widget-wrap elementor-element-populated\">\n\t\t\t\t\t\t<div class=\"elementor-element elementor-element-710a19ee elementor-widget elementor-widget-icon-box\" data-id=\"710a19ee\" data-element_type=\"widget\" data-e-type=\"widget\" data-widget_type=\"icon-box.default\">\n\t\t\t\t<div class=\"elementor-widget-container\">\n\t\t\t\t\t\t\t<div class=\"elementor-icon-box-wrapper\">\n\n\t\t\t\n\t\t\t\t\t\t<div class=\"elementor-icon-box-content\">\n\n\t\t\t\t\n\t\t\t\t\t\t\t\t\t<p class=\"elementor-icon-box-description\">\n\t\t\t\t\t\tVirtuelle Ausstellung\t\t\t\t\t<\/p>\n\t\t\t\t\n\t\t\t<\/div>\n\t\t\t\n\t\t<\/div>\n\t\t\t\t\t\t<\/div>\n\t\t\t\t<\/div>\n\t\t\t\t<div class=\"elementor-element elementor-element-732458ef elementor-widget elementor-widget-text-editor\" data-id=\"732458ef\" data-element_type=\"widget\" data-e-type=\"widget\" data-widget_type=\"text-editor.default\">\n\t\t\t\t<div class=\"elementor-widget-container\">\n\t\t\t\t\t\t\t\t\t<p>Die virtuelle Ausstellung, die den Teil des \u00a0Kulturerbes vom Blaudruck und des Arbeitsprozesses zeigt, hilft, unsere Dauerausstellung mit weiteren interessanten Informationen zu f\u00fcllen.<\/p><p>Beim Rundgang durch die Ausstellung erh\u00e4lt der Besucher einen Einblick in die wichtigeren Teile des Herstellungsprozesses, das Reinigen, Mustern, F\u00e4rben, die Herstellung der Farbstoffe und auch das fertige Produkt. Durch Klicken auf das kleine Symbol auf der Hauptseite erscheint die Werkstatt des Museums, wo Sie Objekte, Werkzeuge sehen und die Werkstatt in ihrer alten Form virtuell sehen k\u00f6nnen.<\/p><p>\u00a0<\/p><p>Anhand einer kleinen Geschichte in einem Kurzfilm k\u00f6nnen Sie in der Zeit zur\u00fcckreisen und einen Blick in den Alltag der alten Werkstatt werfen. Reisen wir zur\u00fcck ins 19. Jahrhundert, und mit Hilfe von Ferenc Kluge k\u00f6nnen Sie sehen, wie ein zeitgen\u00f6ssisches M\u00e4dchenkleid hergestellt wurde.<\/p>\t\t\t\t\t\t\t\t<\/div>\n\t\t\t\t<\/div>\n\t\t\t\t\t<\/div>\n\t\t<\/div>\n\t\t\t\t\t<\/div>\n\t\t<\/section>\n\t\t\t\t<section class=\"elementor-section elementor-top-section elementor-element elementor-element-184ada8 elementor-section-boxed elementor-section-height-default elementor-section-height-default\" data-id=\"184ada8\" data-element_type=\"section\" data-e-type=\"section\">\n\t\t\t\t\t\t<div class=\"elementor-container elementor-column-gap-default\">\n\t\t\t\t\t<div class=\"elementor-column elementor-col-100 elementor-top-column elementor-element elementor-element-d4f273c\" data-id=\"d4f273c\" data-element_type=\"column\" data-e-type=\"column\">\n\t\t\t<div class=\"elementor-widget-wrap elementor-element-populated\">\n\t\t\t\t\t\t<div class=\"elementor-element elementor-element-c25eb10 elementor-widget elementor-widget-html\" data-id=\"c25eb10\" data-element_type=\"widget\" data-e-type=\"widget\" data-widget_type=\"html.default\">\n\t\t\t\t<div class=\"elementor-widget-container\">\n\t\t\t\t\t<iframe width=\"960\" height=\"678.6773090079818\" data-original-width=\"3508\" data-original-height=\"2480\" src=\"https:\/\/www.thinglink.com\/card\/1585548957356916738\" type=\"text\/html\" frameborder=\"0\" webkitallowfullscreen mozallowfullscreen allowfullscreen scrolling=\"no\"><\/iframe><script async src=\"\/\/cdn.thinglink.me\/jse\/responsive.js\"><\/script>\t\t\t\t<\/div>\n\t\t\t\t<\/div>\n\t\t\t\t\t<\/div>\n\t\t<\/div>\n\t\t\t\t\t<\/div>\n\t\t<\/section>\n\t\t\t\t<\/div>\n\t\t","protected":false},"excerpt":{"rendered":"<p>Virtuelle Ausstellung Die virtuelle Ausstellung, die den Teil des &nbsp;Kulturerbes vom Blaudruck und des Arbeitsprozesses zeigt, hilft, unsere Dauerausstellung mit weiteren interessanten Informationen zu f\u00fcllen. Beim Rundgang durch die Ausstellung erh\u00e4lt der Besucher einen Einblick in die wichtigeren Teile des Herstellungsprozesses, das Reinigen, Mustern, F\u00e4rben, die Herstellung der Farbstoffe und auch das fertige Produkt. Durch [&hellip;]<\/p>\n","protected":false},"author":1,"featured_media":0,"parent":0,"menu_order":0,"comment_status":"closed","ping_status":"closed","template":"tpl-default-elementor.php","meta":{"footnotes":""},"class_list":["post-1912","page","type-page","status-publish","hentry"],"_links":{"self":[{"href":"https:\/\/kekfestomuzeum.hu\/de\/wp-json\/wp\/v2\/pages\/1912","targetHints":{"allow":["GET"]}}],"collection":[{"href":"https:\/\/kekfestomuzeum.hu\/de\/wp-json\/wp\/v2\/pages"}],"about":[{"href":"https:\/\/kekfestomuzeum.hu\/de\/wp-json\/wp\/v2\/types\/page"}],"author":[{"embeddable":true,"href":"https:\/\/kekfestomuzeum.hu\/de\/wp-json\/wp\/v2\/users\/1"}],"replies":[{"embeddable":true,"href":"https:\/\/kekfestomuzeum.hu\/de\/wp-json\/wp\/v2\/comments?post=1912"}],"version-history":[{"count":15,"href":"https:\/\/kekfestomuzeum.hu\/de\/wp-json\/wp\/v2\/pages\/1912\/revisions"}],"predecessor-version":[{"id":2733,"href":"https:\/\/kekfestomuzeum.hu\/de\/wp-json\/wp\/v2\/pages\/1912\/revisions\/2733"}],"wp:attachment":[{"href":"https:\/\/kekfestomuzeum.hu\/de\/wp-json\/wp\/v2\/media?parent=1912"}],"curies":[{"name":"wp","href":"https:\/\/api.w.org\/{rel}","templated":true}]}}