{"id":1569,"date":"2022-04-25T10:10:12","date_gmt":"2022-04-25T10:10:12","guid":{"rendered":"https:\/\/teszt.kekfestomuzeum.hu\/?page_id=1569"},"modified":"2023-04-12T11:19:16","modified_gmt":"2023-04-12T11:19:16","slug":"geschichte-des-museums","status":"publish","type":"page","link":"https:\/\/kekfestomuzeum.hu\/de\/geschichte-des-museums\/","title":{"rendered":"Geschichte des Museums"},"content":{"rendered":"\t\t<div data-elementor-type=\"wp-page\" data-elementor-id=\"1569\" class=\"elementor elementor-1569\">\n\t\t\t\t\t\t\t\t\t<section class=\"elementor-section elementor-top-section elementor-element elementor-element-1df99175 elementor-section-stretched elementor-section-full_width elementor-section-height-default elementor-section-height-default\" data-id=\"1df99175\" data-element_type=\"section\" data-settings=\"{&quot;stretch_section&quot;:&quot;section-stretched&quot;}\">\n\t\t\t\t\t\t<div class=\"elementor-container elementor-column-gap-no\">\n\t\t\t\t\t<div class=\"elementor-column elementor-col-100 elementor-top-column elementor-element elementor-element-2c4def9e\" data-id=\"2c4def9e\" data-element_type=\"column\">\n\t\t\t<div class=\"elementor-widget-wrap elementor-element-populated\">\n\t\t\t\t\t\t\t\t<div class=\"elementor-element elementor-element-69026be2 elementor-widget elementor-widget-muzex_about3\" data-id=\"69026be2\" data-element_type=\"widget\" data-widget_type=\"muzex_about3.default\">\n\t\t\t\t<div class=\"elementor-widget-container\">\n\t\t\t\n        <section class=\"about-four \">\n            <div class=\"container\">\n                <div class=\"about-four__image wow fadeInRight\" data-wow-duration=\"1500ms\">\n                    <img decoding=\"async\" src=\"https:\/\/teszt.kekfestomuzeum.hu\/wp-content\/uploads\/2022\/04\/history_small.jpg\" alt=\"Image\">\n                <\/div><!-- \/.about-four__image -->\n                <div class=\"row\">\n                    <div class=\"col-lg-6\">\n                        <div class=\"about-four__content\">\n                            <div class=\"block-title\">\n                                <p>BLAUDRUCKEREI-MUSEUM<\/p>\n                                <h3>Geschichte des Museums<\/h3>\n                            <\/div><!-- \/.block-title -->\n                            <div class=\"about-four__highlite-text\">\n                                <p>Schon in den 1950er Jahren wurde der besondere Wert der Werkstatt Kluge und ihre Bedeutung erkannt. Mit Hilfe der Gruppe die technische Denkm\u00e4ler sucht und registriert wurde das gesamte Geb\u00e4ude 1954 unter Denkmalschutz gestellt.<\/p>\n                            <\/div><!-- \/.about-four__highlite-text -->\n                            <p>In der 1959 erschienenen Ausgabe der Zeitschrift Ungarische Textiltechnik lasen wir, dass \u201ees unabdingbar w\u00e4re, ein Museum zu schaffen, das sich der Pr\u00e4sentation der Entwicklung der Textilindustrie vom primitiven Handdruck bis zur modernen Drucktechnologie widmet\u201c. Ott\u00f3 Domonkos fordert in seinem 1958 erstellten Bericht folgende Schritte nach dem \u201eSchutz\u201c: \u201eDie Blaudruckerei Kluge in P\u00e1pa muss in ein Museum umgewandelt werden\u201c. \"Das organisierte und umgebaute Museum muss den Besuchern zug\u00e4nglich gemacht werden\".<\/p>\n                            <p>Mit dieser Aufgabe hat das Ministerium f\u00fcr Leichtindustrie das Textilforschungsinstitut beauftragt. An der Umsetzung nahmen auch der Technisch-Wissenschaftliche Verband der Textilindustrie, die Stadt P\u00e1pa und die P\u00e1pa Textilfabrik teil. Das Blaudruckerei-Museum \u00f6ffnete am 2. August 1962 seine T\u00fcren f\u00fcr Besucher.<\/p>\n                        <\/div><!-- \/.about-four__content -->\n                    <\/div><!-- \/.col-lg-6 -->\n                <\/div><!-- \/.row -->\n            <\/div><!-- \/.container -->\n        <\/section><!-- \/.about-four -->\n            \n\t\t\t\t<\/div>\n\t\t\t\t<\/div>\n\t\t\t\t\t<\/div>\n\t\t<\/div>\n\t\t\t\t\t\t\t<\/div>\n\t\t<\/section>\n\t\t\t\t\t\t\t<\/div>\n\t\t","protected":false},"excerpt":{"rendered":"<p>BLAUDRUCKEREI-MUSEUM Geschichte des Museums Schon in den 1950er Jahren wurde der besondere Wert der Werkstatt Kluge und ihre Bedeutung erkannt. Mit Hilfe der Gruppe die technische Denkm\u00e4ler sucht und registriert wurde das gesamte Geb\u00e4ude 1954 unter Denkmalschutz gestellt. In der 1959 erschienenen Ausgabe der Zeitschrift Ungarische Textiltechnik lasen wir, dass \u201ees unabdingbar w\u00e4re, ein Museum [&hellip;]<\/p>\n","protected":false},"author":1,"featured_media":0,"parent":0,"menu_order":0,"comment_status":"closed","ping_status":"closed","template":"tpl-default-elementor.php","meta":{"footnotes":""},"class_list":["post-1569","page","type-page","status-publish","hentry"],"_links":{"self":[{"href":"https:\/\/kekfestomuzeum.hu\/de\/wp-json\/wp\/v2\/pages\/1569","targetHints":{"allow":["GET"]}}],"collection":[{"href":"https:\/\/kekfestomuzeum.hu\/de\/wp-json\/wp\/v2\/pages"}],"about":[{"href":"https:\/\/kekfestomuzeum.hu\/de\/wp-json\/wp\/v2\/types\/page"}],"author":[{"embeddable":true,"href":"https:\/\/kekfestomuzeum.hu\/de\/wp-json\/wp\/v2\/users\/1"}],"replies":[{"embeddable":true,"href":"https:\/\/kekfestomuzeum.hu\/de\/wp-json\/wp\/v2\/comments?post=1569"}],"version-history":[{"count":16,"href":"https:\/\/kekfestomuzeum.hu\/de\/wp-json\/wp\/v2\/pages\/1569\/revisions"}],"predecessor-version":[{"id":2765,"href":"https:\/\/kekfestomuzeum.hu\/de\/wp-json\/wp\/v2\/pages\/1569\/revisions\/2765"}],"wp:attachment":[{"href":"https:\/\/kekfestomuzeum.hu\/de\/wp-json\/wp\/v2\/media?parent=1569"}],"curies":[{"name":"wp","href":"https:\/\/api.w.org\/{rel}","templated":true}]}}