{"id":1512,"date":"2022-04-22T11:42:06","date_gmt":"2022-04-22T11:42:06","guid":{"rendered":"https:\/\/teszt.kekfestomuzeum.hu\/?page_id=1512"},"modified":"2023-04-12T07:59:48","modified_gmt":"2023-04-12T07:59:48","slug":"dauerausstellung","status":"publish","type":"page","link":"https:\/\/kekfestomuzeum.hu\/de\/dauerausstellung\/","title":{"rendered":"Dauerausstellung"},"content":{"rendered":"\t\t<div data-elementor-type=\"wp-page\" data-elementor-id=\"1512\" class=\"elementor elementor-1512\" data-elementor-post-type=\"page\">\n\t\t\t\t\t\t<section class=\"elementor-section elementor-top-section elementor-element elementor-element-5dbc498 elementor-section-boxed elementor-section-height-default elementor-section-height-default\" data-id=\"5dbc498\" data-element_type=\"section\" data-e-type=\"section\">\n\t\t\t\t\t\t<div class=\"elementor-container elementor-column-gap-default\">\n\t\t\t\t\t<div class=\"elementor-column elementor-col-100 elementor-top-column elementor-element elementor-element-7d918174\" data-id=\"7d918174\" data-element_type=\"column\" data-e-type=\"column\">\n\t\t\t<div class=\"elementor-widget-wrap elementor-element-populated\">\n\t\t\t\t\t\t<div class=\"elementor-element elementor-element-770ce001 elementor-widget elementor-widget-heading\" data-id=\"770ce001\" data-element_type=\"widget\" data-e-type=\"widget\" data-widget_type=\"heading.default\">\n\t\t\t\t<div class=\"elementor-widget-container\">\n\t\t\t\t\t<h4 class=\"elementor-heading-title elementor-size-default\"><span style=\"font-size: 17px;font-weight: 700;letter-spacing: 2.55px;text-align: left;text-transform: uppercase;white-space: normal\">BLAUDRUCKEREI-MUSEUM<\/span><\/h4>\t\t\t\t<\/div>\n\t\t\t\t<\/div>\n\t\t\t\t<div class=\"elementor-element elementor-element-449b12a4 elementor-widget elementor-widget-heading\" data-id=\"449b12a4\" data-element_type=\"widget\" data-e-type=\"widget\" data-widget_type=\"heading.default\">\n\t\t\t\t<div class=\"elementor-widget-container\">\n\t\t\t\t\t<h2 class=\"elementor-heading-title elementor-size-default\">Was k\u00f6nnen Sie bei einer F\u00fchrung sehen?<\/h2>\t\t\t\t<\/div>\n\t\t\t\t<\/div>\n\t\t\t\t<section class=\"elementor-section elementor-inner-section elementor-element elementor-element-3e7e318f elementor-section-boxed elementor-section-height-default elementor-section-height-default\" data-id=\"3e7e318f\" data-element_type=\"section\" data-e-type=\"section\">\n\t\t\t\t\t\t<div class=\"elementor-container elementor-column-gap-default\">\n\t\t\t\t\t<div class=\"elementor-column elementor-col-50 elementor-inner-column elementor-element elementor-element-2bab4141\" data-id=\"2bab4141\" data-element_type=\"column\" data-e-type=\"column\">\n\t\t\t<div class=\"elementor-widget-wrap elementor-element-populated\">\n\t\t\t\t\t\t<div class=\"elementor-element elementor-element-41b282ad elementor-widget elementor-widget-image\" data-id=\"41b282ad\" data-element_type=\"widget\" data-e-type=\"widget\" data-widget_type=\"image.default\">\n\t\t\t\t<div class=\"elementor-widget-container\">\n\t\t\t\t\t\t\t\t\t\t\t\t\t\t\t<img fetchpriority=\"high\" decoding=\"async\" width=\"455\" height=\"1024\" src=\"https:\/\/kekfestomuzeum.hu\/de\/wp-content\/uploads\/2022\/04\/kiallitas_big-455x1024.jpg\" class=\"attachment-large size-large wp-image-1535\" alt=\"\" srcset=\"https:\/\/kekfestomuzeum.hu\/de\/wp-content\/uploads\/2022\/04\/kiallitas_big-455x1024.jpg 455w, https:\/\/kekfestomuzeum.hu\/de\/wp-content\/uploads\/2022\/04\/kiallitas_big-133x300.jpg 133w, https:\/\/kekfestomuzeum.hu\/de\/wp-content\/uploads\/2022\/04\/kiallitas_big-768x1728.jpg 768w, https:\/\/kekfestomuzeum.hu\/de\/wp-content\/uploads\/2022\/04\/kiallitas_big-683x1536.jpg 683w, https:\/\/kekfestomuzeum.hu\/de\/wp-content\/uploads\/2022\/04\/kiallitas_big.jpg 889w\" sizes=\"(max-width: 455px) 100vw, 455px\" \/>\t\t\t\t\t\t\t\t\t\t\t\t\t\t\t<\/div>\n\t\t\t\t<\/div>\n\t\t\t\t\t<\/div>\n\t\t<\/div>\n\t\t\t\t<div class=\"elementor-column elementor-col-50 elementor-inner-column elementor-element elementor-element-2813d18f\" data-id=\"2813d18f\" data-element_type=\"column\" data-e-type=\"column\">\n\t\t\t<div class=\"elementor-widget-wrap elementor-element-populated\">\n\t\t\t\t\t\t<div class=\"elementor-element elementor-element-2f37104c elementor-widget elementor-widget-heading\" data-id=\"2f37104c\" data-element_type=\"widget\" data-e-type=\"widget\" data-widget_type=\"heading.default\">\n\t\t\t\t<div class=\"elementor-widget-container\">\n\t\t\t\t\t<h3 class=\"elementor-heading-title elementor-size-default\">Vom Keller bis zum Dachboden<\/h3>\t\t\t\t<\/div>\n\t\t\t\t<\/div>\n\t\t\t\t<div class=\"elementor-element elementor-element-73b4d98e elementor-widget elementor-widget-text-editor\" data-id=\"73b4d98e\" data-element_type=\"widget\" data-e-type=\"widget\" data-widget_type=\"text-editor.default\">\n\t\t\t\t<div class=\"elementor-widget-container\">\n\t\t\t\t\t\t\t\t\t<p><strong>In P\u00e1pa befindet sich die einzige Bladruckwerkstatt in Mitteleuropa, die besichtigt werden kann und mit ihrer kompletten Ausstattung erhalten geblieben ist.<\/strong><\/p><p>Die Werkstatt der Familie Kluge wurde 1962 in ein Museum umgewandelt. Das Blaudruckerei-Museum ist der Stolz der Stadt. Die aus dem s\u00e4chsischen Sorau stammende Familie Kluge begann 1783 mit der Blaumalerei in S\u00e1rv\u00e1r, zog dann 1786 nach P\u00e1pa um. Die Atmosph\u00e4re der vollst\u00e4ndig erhaltenen Werkstatt, Indigo und der Geruch der St\u00e4rke sind noch in den W\u00e4nden erhalten.<\/p><p>\u00a0<\/p><p>Lernen Sie die Geheimnisse des Handwerks kennen, verfolgen Sie, wie aus der wei\u00dfen Leinwand das wunderbar blau gef\u00e4rbte Tuch entsteht:<\/p><p>in der Werkstatt, der Materialaufbereitung, H\u00e4rtung, Modellierung, die heute unbekannt klingenden Chemikalien des Labors, der imposante Raum mit 16 Becken und der beeindruckende Dachboden.<\/p><p>\u00a0<\/p><p>Zwischen den Maschinen der kleinen Fabrik spazierend, warten wir auf den Moment, wenn der Maschinist den Kessel aufheizt, die Dampfmaschine anf\u00e4ngt zu arbeiten und die ganze Werkstatt wieder pulsiert.<\/p><p>\u00a0<\/p><p>Im Untergeschoss k\u00f6nnen wir Samu, das letzte Mangelpferd, und das riesige Mangelger\u00e4t treffen, das er in Bewegung hielt, um den Stoff zu gl\u00e4tten und zu polieren.<\/p><p>\u00a0<\/p><p>Eine Reihe von Jahrmarktszelten voller Produkte erwartete einst die Kunden. Wenn wir die Produkte der f\u00fcnf Werkst\u00e4tten sehen, m\u00f6chten wir unsere Wohnung oder unsere Kleidung mit einem St\u00fcck blauer Farbe bereichern.<\/p><p>\u00a0<\/p><p>Die Kunst des Blaudrucks ist nicht nur im Alltag pr\u00e4sent, Ir\u00e9n B\u00f3dys wundersch\u00f6ne, individuell gestaltete Arbeiten auf dem Dachboden liefern daf\u00fcr den Beweis.<\/p><p>Mit der Erfahrung, die<\/p><p>Werkstatt zu besuchen, k\u00f6nnen wir die Erfahrung erleben, etwas mit unseren H\u00e4nden zu schaffen: Wir k\u00f6nnen unser T-Shirt, unseren Schal und unsere Tasche mit einem blauen Malermuster mustern, entwerfen und herstellen.<\/p><p>\u00a0<\/p><p><strong>Im November 2018 ist der Blaudruck in die repr\u00e4sentative Liste des Immateriellen Kulturerbes der Menschheit der UNESCO aufgenommen worden.<\/strong><\/p>\t\t\t\t\t\t\t\t<\/div>\n\t\t\t\t<\/div>\n\t\t\t\t\t<\/div>\n\t\t<\/div>\n\t\t\t\t\t<\/div>\n\t\t<\/section>\n\t\t\t\t\t<\/div>\n\t\t<\/div>\n\t\t\t\t\t<\/div>\n\t\t<\/section>\n\t\t\t\t<section class=\"elementor-section elementor-top-section elementor-element elementor-element-3c701370 elementor-section-stretched elementor-section-full_width elementor-section-height-default elementor-section-height-default\" data-id=\"3c701370\" data-element_type=\"section\" data-e-type=\"section\" data-settings=\"{&quot;stretch_section&quot;:&quot;section-stretched&quot;}\">\n\t\t\t\t\t\t<div class=\"elementor-container elementor-column-gap-no\">\n\t\t\t\t\t<div class=\"elementor-column elementor-col-100 elementor-top-column elementor-element elementor-element-66bd762c\" data-id=\"66bd762c\" data-element_type=\"column\" data-e-type=\"column\">\n\t\t\t<div class=\"elementor-widget-wrap elementor-element-populated\">\n\t\t\t\t\t\t<div class=\"elementor-element elementor-element-1679de60 elementor-widget elementor-widget-muzex_video\" data-id=\"1679de60\" data-element_type=\"widget\" data-e-type=\"widget\" data-widget_type=\"muzex_video.default\">\n\t\t\t\t<div class=\"elementor-widget-container\">\n\t\t\t\t\t\n\n        <section class=\"video-one text-center\" style=\"background-image: url(https:\/\/teszt.kekfestomuzeum.hu\/wp-content\/uploads\/2022\/04\/video_parallax.jpg);\">\n            <div class=\"container\">\n                <a href=\"https:\/\/www.youtube.com\/watch?v=mQ8o37g52Hs\" class=\"video-popup video-one__btn\"><i class=\"fa fa-play\"><\/i><\/a><!-- \/.video-popup video-one__btn -->\n            <\/div><!-- \/.container -->\n        <\/section><!-- \/.video-one -->\n\n            \n\t\t\t\t\t\t<\/div>\n\t\t\t\t<\/div>\n\t\t\t\t\t<\/div>\n\t\t<\/div>\n\t\t\t\t\t<\/div>\n\t\t<\/section>\n\t\t\t\t<\/div>\n\t\t","protected":false},"excerpt":{"rendered":"<p>BLAUDRUCKEREI-MUSEUM Was k\u00f6nnen Sie bei einer F\u00fchrung sehen? Vom Keller bis zum Dachboden In P\u00e1pa befindet sich die einzige Bladruckwerkstatt in Mitteleuropa, die besichtigt werden kann und mit ihrer kompletten Ausstattung erhalten geblieben ist. Die Werkstatt der Familie Kluge wurde 1962 in ein Museum umgewandelt. Das Blaudruckerei-Museum ist der Stolz der Stadt. Die aus dem [&hellip;]<\/p>\n","protected":false},"author":1,"featured_media":0,"parent":0,"menu_order":0,"comment_status":"closed","ping_status":"closed","template":"tpl-default-elementor.php","meta":{"footnotes":""},"class_list":["post-1512","page","type-page","status-publish","hentry"],"_links":{"self":[{"href":"https:\/\/kekfestomuzeum.hu\/de\/wp-json\/wp\/v2\/pages\/1512","targetHints":{"allow":["GET"]}}],"collection":[{"href":"https:\/\/kekfestomuzeum.hu\/de\/wp-json\/wp\/v2\/pages"}],"about":[{"href":"https:\/\/kekfestomuzeum.hu\/de\/wp-json\/wp\/v2\/types\/page"}],"author":[{"embeddable":true,"href":"https:\/\/kekfestomuzeum.hu\/de\/wp-json\/wp\/v2\/users\/1"}],"replies":[{"embeddable":true,"href":"https:\/\/kekfestomuzeum.hu\/de\/wp-json\/wp\/v2\/comments?post=1512"}],"version-history":[{"count":24,"href":"https:\/\/kekfestomuzeum.hu\/de\/wp-json\/wp\/v2\/pages\/1512\/revisions"}],"predecessor-version":[{"id":2729,"href":"https:\/\/kekfestomuzeum.hu\/de\/wp-json\/wp\/v2\/pages\/1512\/revisions\/2729"}],"wp:attachment":[{"href":"https:\/\/kekfestomuzeum.hu\/de\/wp-json\/wp\/v2\/media?parent=1512"}],"curies":[{"name":"wp","href":"https:\/\/api.w.org\/{rel}","templated":true}]}}