{"id":1481,"date":"2022-04-22T08:15:44","date_gmt":"2022-04-22T08:15:44","guid":{"rendered":"https:\/\/teszt.kekfestomuzeum.hu\/?page_id=1481"},"modified":"2023-04-12T07:20:02","modified_gmt":"2023-04-12T07:20:02","slug":"hausordnung","status":"publish","type":"page","link":"https:\/\/kekfestomuzeum.hu\/de\/hausordnung\/","title":{"rendered":"Hausordnung"},"content":{"rendered":"\t\t<div data-elementor-type=\"wp-page\" data-elementor-id=\"1481\" class=\"elementor elementor-1481\">\n\t\t\t\t\t\t\t\t\t<section class=\"elementor-section elementor-top-section elementor-element elementor-element-746694d8 elementor-section-stretched elementor-section-full_width elementor-section-height-default elementor-section-height-default\" data-id=\"746694d8\" data-element_type=\"section\" data-settings=\"{&quot;stretch_section&quot;:&quot;section-stretched&quot;}\">\n\t\t\t\t\t\t<div class=\"elementor-container elementor-column-gap-no\">\n\t\t\t\t\t<div class=\"elementor-column elementor-col-100 elementor-top-column elementor-element elementor-element-148db886\" data-id=\"148db886\" data-element_type=\"column\">\n\t\t\t<div class=\"elementor-widget-wrap elementor-element-populated\">\n\t\t\t\t\t\t\t\t<div class=\"elementor-element elementor-element-11ce7910 elementor-widget elementor-widget-muzex_about3\" data-id=\"11ce7910\" data-element_type=\"widget\" data-widget_type=\"muzex_about3.default\">\n\t\t\t\t<div class=\"elementor-widget-container\">\n\t\t\t\n        <section class=\"about-four \">\n            <div class=\"container\">\n                <div class=\"about-four__image wow fadeInRight\" data-wow-duration=\"1500ms\">\n                    <img decoding=\"async\" src=\"https:\/\/teszt.kekfestomuzeum.hu\/wp-content\/uploads\/2022\/04\/szab_small.jpg\" alt=\"Image\">\n                <\/div><!-- \/.about-four__image -->\n                <div class=\"row\">\n                    <div class=\"col-lg-6\">\n                        <div class=\"about-four__content\">\n                            <div class=\"block-title\">\n                                <p>BLAUDRUCKEREI-MUSEUM<\/p>\n                                <h3>Hausordnung<\/h3>\n                            <\/div><!-- \/.block-title -->\n                            <div class=\"about-four__highlite-text\">\n                                <p>Mit dem Kauf einer Eintrittskarte oder dem Betreten des Bereichs des Museums erkennt der Besucher die Bestimmungen der Hausordnung als f\u00fcr sich verbindlich an.\nDas Museum kann nur mit g\u00fcltigem Ticket besucht werden. Ticketpreiserm\u00e4\u00dfigungen sind nicht kombinierbar. Wenn Sie Anspruch auf mehrere Erm\u00e4\u00dfigungen haben, m\u00fcssen Sie sich vor dem Kauf einer Fahrkarte entscheiden, welche Erm\u00e4\u00dfigung Sie nutzen m\u00f6chten.\n<\/p>\n                            <\/div><!-- \/.about-four__highlite-text -->\n                            <p><b>\u2022\tGarderobe<\/b><\/br>\nDas Museum verf\u00fcgt \u00fcber keine separate Garderobe. Gr\u00f6\u00dfere Taschen und Gep\u00e4ck k\u00f6nnen im Kassenbereich deponiert werden.<\/br><\/br>\n\n<b>\u2022\tNutzung von Ausstellungsr\u00e4umen<\/b><\/br>\nAnst\u00e4ndiges Benehmen und angemessene Kleidung werden erwartet. Die Kasse schlie\u00dft 30 Minuten vor Schlie\u00dfung des Museums.<\/br><\/br>\n\n<b>\u2022\tEssen<\/b><\/br>\nEssen und Trinken ist im Ausstellungsbereich des Museums verboten, im Museumsgarten erlaubt.<\/br><\/br>\n\n<b>\u2022\tArtefakte<\/b><\/br>\nDas Ber\u00fchren der ausgestellten Objekte und Vitrinen ist aus Sicherheits- und Objektschutzgr\u00fcnden verboten, es sei denn, dies ist ausdr\u00fccklich erlaubt oder gekennzeichnet. <\/br><\/br>\n\n<b>\u2022\tFotos, Videos<\/b><\/br>\nDas Fotografieren oder Filmen ist erlaubt. Die Aufnahmen d\u00fcrfen nur f\u00fcr pers\u00f6nliche Zwecke verwendet und nicht vermarktet werden. Bitte fotografieren Sie ohne Blitz.<\/br><\/br>\n\n<b>\u2022\tVerlassen der Ausstellung<\/b><\/br>\nDie Kasse schlie\u00dft 30 Minuten vor Schlie\u00dfung des Museums. Bitte verlassen Sie die Ausstellungsr\u00e4ume 10 Minuten vor Schlie\u00dfung. <\/br><\/br>\n\n<b>\u2022\tFamilien- und Gruppenbesuch<\/b><\/br>\nDer Gruppenleiter, die begleitende Lehrkraft und die Eltern sind daf\u00fcr verantwortlich, dass alle Mitglieder ihrer Gruppe die Hausordnung einhalten. Die Erziehungsberechtigten bzw. Begleitpersonen sind daf\u00fcr verantwortlich, dass das Kind die Unversehrtheit der Kunstwerke wahrt und den Ausstellungsraum und dessen Einrichtung bestimmungsgem\u00e4\u00df nutzt.<\/br><\/br>\n\n<b>\u2022\tBesuch mit Kindern<\/b><\/br>\nKinder unter zwei Jahren d\u00fcrfen nur mit einem Kinderwagen oder einer Babytrage in die Ausstellung gebracht werden, wenn das Kind laufen kann, sind die Eltern oder Erziehungsberechtigten f\u00fcr die Betreuung des Kindes verantwortlich. Kinderwagen sind im Obergeschoss der Ausstellung nicht erlaubt. Das Tragen eines Kindes auf dem R\u00fccken oder Nacken ist aus Sicherheitsgr\u00fcnden nicht gestattet. Es ist die Aufgabe der Eltern, die Verantwortung f\u00fcr den Minderj\u00e4hrigen zu \u00fcbernehmen.<\/br><\/br>\n\n<b>\u2022\tRauchen<\/b><\/br>\nDas Rauchen ist im Blaudruckerei-Museum nicht gestattet.<\/br><\/br>\n\n<b>\u2022\tVerlorene Gegenst\u00e4nde<\/b><\/br>\nF\u00fcr verlorene Wertsachen \u00fcbernimmt das Museum keine Haftung. Bitte geben Sie gefundene oder verlorene Wertgegenst\u00e4nde an der Kasse ab! Die Objekte, f\u00fcr die der Eigent\u00fcmer 6 Monate lang keinen Antrag stellt, werden vom Museum entsorgt oder f\u00fcr wohlt\u00e4tige Zwecke gespendet. Danke f\u00fcr Ihre Zusammenarbeit!<\/p>\n                            <p><\/p>\n                        <\/div><!-- \/.about-four__content -->\n                    <\/div><!-- \/.col-lg-6 -->\n                <\/div><!-- \/.row -->\n            <\/div><!-- \/.container -->\n        <\/section><!-- \/.about-four -->\n            \n\t\t\t\t<\/div>\n\t\t\t\t<\/div>\n\t\t\t\t\t<\/div>\n\t\t<\/div>\n\t\t\t\t\t\t\t<\/div>\n\t\t<\/section>\n\t\t\t\t\t\t\t<\/div>\n\t\t","protected":false},"excerpt":{"rendered":"<p>BLAUDRUCKEREI-MUSEUM Hausordnung Mit dem Kauf einer Eintrittskarte oder dem Betreten des Bereichs des Museums erkennt der Besucher die Bestimmungen der Hausordnung als f\u00fcr sich verbindlich an. Das Museum kann nur mit g\u00fcltigem Ticket besucht werden. Ticketpreiserm\u00e4\u00dfigungen sind nicht kombinierbar. Wenn Sie Anspruch auf mehrere Erm\u00e4\u00dfigungen haben, m\u00fcssen Sie sich vor dem Kauf einer Fahrkarte entscheiden, [&hellip;]<\/p>\n","protected":false},"author":1,"featured_media":0,"parent":0,"menu_order":0,"comment_status":"closed","ping_status":"closed","template":"tpl-default-elementor.php","meta":{"footnotes":""},"class_list":["post-1481","page","type-page","status-publish","hentry"],"_links":{"self":[{"href":"https:\/\/kekfestomuzeum.hu\/de\/wp-json\/wp\/v2\/pages\/1481","targetHints":{"allow":["GET"]}}],"collection":[{"href":"https:\/\/kekfestomuzeum.hu\/de\/wp-json\/wp\/v2\/pages"}],"about":[{"href":"https:\/\/kekfestomuzeum.hu\/de\/wp-json\/wp\/v2\/types\/page"}],"author":[{"embeddable":true,"href":"https:\/\/kekfestomuzeum.hu\/de\/wp-json\/wp\/v2\/users\/1"}],"replies":[{"embeddable":true,"href":"https:\/\/kekfestomuzeum.hu\/de\/wp-json\/wp\/v2\/comments?post=1481"}],"version-history":[{"count":25,"href":"https:\/\/kekfestomuzeum.hu\/de\/wp-json\/wp\/v2\/pages\/1481\/revisions"}],"predecessor-version":[{"id":2711,"href":"https:\/\/kekfestomuzeum.hu\/de\/wp-json\/wp\/v2\/pages\/1481\/revisions\/2711"}],"wp:attachment":[{"href":"https:\/\/kekfestomuzeum.hu\/de\/wp-json\/wp\/v2\/media?parent=1481"}],"curies":[{"name":"wp","href":"https:\/\/api.w.org\/{rel}","templated":true}]}}