{"id":1457,"date":"2022-04-21T08:35:43","date_gmt":"2022-04-21T08:35:43","guid":{"rendered":"https:\/\/teszt.kekfestomuzeum.hu\/?page_id=1457"},"modified":"2023-04-11T11:48:14","modified_gmt":"2023-04-11T11:48:14","slug":"museumsshop","status":"publish","type":"page","link":"https:\/\/kekfestomuzeum.hu\/de\/museumsshop\/","title":{"rendered":"Museum Shop"},"content":{"rendered":"\t\t<div data-elementor-type=\"wp-page\" data-elementor-id=\"1457\" class=\"elementor elementor-1457\">\n\t\t\t\t\t\t\t\t\t<section class=\"elementor-section elementor-top-section elementor-element elementor-element-26be2d5a elementor-section-stretched elementor-section-full_width elementor-section-height-default elementor-section-height-default\" data-id=\"26be2d5a\" data-element_type=\"section\" data-settings=\"{&quot;stretch_section&quot;:&quot;section-stretched&quot;}\">\n\t\t\t\t\t\t<div class=\"elementor-container elementor-column-gap-no\">\n\t\t\t\t\t<div class=\"elementor-column elementor-col-100 elementor-top-column elementor-element elementor-element-41b7fc6f\" data-id=\"41b7fc6f\" data-element_type=\"column\">\n\t\t\t<div class=\"elementor-widget-wrap elementor-element-populated\">\n\t\t\t\t\t\t\t\t<div class=\"elementor-element elementor-element-2a67c653 elementor-widget elementor-widget-muzex_about3\" data-id=\"2a67c653\" data-element_type=\"widget\" data-widget_type=\"muzex_about3.default\">\n\t\t\t\t<div class=\"elementor-widget-container\">\n\t\t\t\n        <section class=\"about-four \">\n            <div class=\"container\">\n                <div class=\"about-four__image wow fadeInRight\" data-wow-duration=\"1500ms\">\n                    <img decoding=\"async\" src=\"https:\/\/teszt.kekfestomuzeum.hu\/wp-content\/uploads\/2022\/06\/ajandekbolt.jpg\" alt=\"Image\">\n                <\/div><!-- \/.about-four__image -->\n                <div class=\"row\">\n                    <div class=\"col-lg-6\">\n                        <div class=\"about-four__content\">\n                            <div class=\"block-title\">\n                                <p>BLAUDRUCKEREI-MUSEUM<\/p>\n                                <h3>Museumsshop<\/h3>\n                            <\/div><!-- \/.block-title -->\n                            <div class=\"about-four__highlite-text\">\n                                <p>In unserem Museumsshop k\u00f6nnen Sie aus den Produkten der ungarischen Blaudruckwerkst\u00e4tten w\u00e4hlen. Angeboten werden unter anderem Stoffe (ca. 80 cm breit), Tischdecken in verschiedenen Gr\u00f6\u00dfen, Accessoires und kleine Mitbringsel. Wir verkaufen nur Produkte, die mit Blaudruck hergestellt wurden.<\/p>\n                            <\/div><!-- \/.about-four__highlite-text -->\n                            <p>Ein Vorgeschmack auf unsere Produkte:<\/br>\nTischdecken in verschiedenen Gr\u00f6\u00dfen, Tischl\u00e4ufer, Zierkissen, Sch\u00fcrzen, T\u00fccher, Haussegen, Taschen. Im Shop sind auch Publikationen und Rezensionen \u00fcber das Museum erh\u00e4ltlich.\n<\/p>\n                            <p><\/p>\n                        <\/div><!-- \/.about-four__content -->\n                    <\/div><!-- \/.col-lg-6 -->\n                <\/div><!-- \/.row -->\n            <\/div><!-- \/.container -->\n        <\/section><!-- \/.about-four -->\n            \n\t\t\t\t<\/div>\n\t\t\t\t<\/div>\n\t\t\t\t\t<\/div>\n\t\t<\/div>\n\t\t\t\t\t\t\t<\/div>\n\t\t<\/section>\n\t\t\t\t\t\t\t<\/div>\n\t\t","protected":false},"excerpt":{"rendered":"<p>BLAUDRUCKEREI-MUSEUM Museumsshop In unserem Museumsshop k\u00f6nnen Sie aus den Produkten der ungarischen Blaudruckwerkst\u00e4tten w\u00e4hlen. Angeboten werden unter anderem Stoffe (ca. 80 cm breit), Tischdecken in verschiedenen Gr\u00f6\u00dfen, Accessoires und kleine Mitbringsel. Wir verkaufen nur Produkte, die mit Blaudruck hergestellt wurden. Ein Vorgeschmack auf unsere Produkte: Tischdecken in verschiedenen Gr\u00f6\u00dfen, Tischl\u00e4ufer, Zierkissen, Sch\u00fcrzen, T\u00fccher, Haussegen, Taschen. [&hellip;]<\/p>\n","protected":false},"author":1,"featured_media":0,"parent":0,"menu_order":0,"comment_status":"closed","ping_status":"closed","template":"tpl-default-elementor.php","meta":{"footnotes":""},"class_list":["post-1457","page","type-page","status-publish","hentry"],"_links":{"self":[{"href":"https:\/\/kekfestomuzeum.hu\/de\/wp-json\/wp\/v2\/pages\/1457","targetHints":{"allow":["GET"]}}],"collection":[{"href":"https:\/\/kekfestomuzeum.hu\/de\/wp-json\/wp\/v2\/pages"}],"about":[{"href":"https:\/\/kekfestomuzeum.hu\/de\/wp-json\/wp\/v2\/types\/page"}],"author":[{"embeddable":true,"href":"https:\/\/kekfestomuzeum.hu\/de\/wp-json\/wp\/v2\/users\/1"}],"replies":[{"embeddable":true,"href":"https:\/\/kekfestomuzeum.hu\/de\/wp-json\/wp\/v2\/comments?post=1457"}],"version-history":[{"count":22,"href":"https:\/\/kekfestomuzeum.hu\/de\/wp-json\/wp\/v2\/pages\/1457\/revisions"}],"predecessor-version":[{"id":2701,"href":"https:\/\/kekfestomuzeum.hu\/de\/wp-json\/wp\/v2\/pages\/1457\/revisions\/2701"}],"wp:attachment":[{"href":"https:\/\/kekfestomuzeum.hu\/de\/wp-json\/wp\/v2\/media?parent=1457"}],"curies":[{"name":"wp","href":"https:\/\/api.w.org\/{rel}","templated":true}]}}