{"id":1413,"date":"2022-04-11T11:49:06","date_gmt":"2022-04-11T11:49:06","guid":{"rendered":"https:\/\/teszt.kekfestomuzeum.hu\/?page_id=1413"},"modified":"2023-04-11T10:39:19","modified_gmt":"2023-04-11T10:39:19","slug":"fuhrungen-im-museum","status":"publish","type":"page","link":"https:\/\/kekfestomuzeum.hu\/de\/fuhrungen-im-museum\/","title":{"rendered":"Guided tour"},"content":{"rendered":"\t\t<div data-elementor-type=\"wp-page\" data-elementor-id=\"1413\" class=\"elementor elementor-1413\">\n\t\t\t\t\t\t\t\t\t<section class=\"elementor-section elementor-top-section elementor-element elementor-element-77c29e4 elementor-section-stretched elementor-section-full_width elementor-section-height-default elementor-section-height-default\" data-id=\"77c29e4\" data-element_type=\"section\" data-settings=\"{&quot;stretch_section&quot;:&quot;section-stretched&quot;}\">\n\t\t\t\t\t\t<div class=\"elementor-container elementor-column-gap-no\">\n\t\t\t\t\t<div class=\"elementor-column elementor-col-100 elementor-top-column elementor-element elementor-element-92bf420\" data-id=\"92bf420\" data-element_type=\"column\">\n\t\t\t<div class=\"elementor-widget-wrap elementor-element-populated\">\n\t\t\t\t\t\t\t\t<div class=\"elementor-element elementor-element-6e29a34d elementor-widget elementor-widget-muzex_about3\" data-id=\"6e29a34d\" data-element_type=\"widget\" data-widget_type=\"muzex_about3.default\">\n\t\t\t\t<div class=\"elementor-widget-container\">\n\t\t\t\n        <section class=\"about-four \">\n            <div class=\"container\">\n                <div class=\"about-four__image wow fadeInRight\" data-wow-duration=\"1500ms\">\n                    <img decoding=\"async\" src=\"https:\/\/teszt.kekfestomuzeum.hu\/wp-content\/uploads\/2022\/04\/tarlatvezetes_main.jpg\" alt=\"Image\">\n                <\/div><!-- \/.about-four__image -->\n                <div class=\"row\">\n                    <div class=\"col-lg-6\">\n                        <div class=\"about-four__content\">\n                            <div class=\"block-title\">\n                                <p>BLAUDRUCKEREI-MUSEUM<\/p>\n                                <h3>F\u00fchrungen im Museum<\/h3>\n                            <\/div><!-- \/.block-title -->\n                            <div class=\"about-four__highlite-text\">\n                                <p>Die Ausstellung kann mit F\u00fchrung besichtigt werden. Die 45-min\u00fctigen F\u00fchrungen starten alle 30 Minuten.<\/br><\/br>\nDie erste F\u00fchrung in der Sommersaison beginnt um 10.00 Uhr und die letzte um 17.00 Uhr. <\/br><\/br>In der Wintersaison beginnt die erste F\u00fchrung um 9.00 Uhr und die letzte um 16.00 Uhr.<\/br><\/br>\nDie ideale Personenzahl f\u00fcr eine F\u00fchrung liegt bei 20 Personen, dar\u00fcber hinaus ist eine Gruppeneinteilung erforderlich. Derzeit k\u00f6nnen wir nur eine F\u00fchrung auf Ungarisch anbieten.\n<\/p>\n                            <\/div><!-- \/.about-four__highlite-text -->\n                            <p><\/p>\n                            <p><\/p>\n                        <\/div><!-- \/.about-four__content -->\n                    <\/div><!-- \/.col-lg-6 -->\n                <\/div><!-- \/.row -->\n            <\/div><!-- \/.container -->\n        <\/section><!-- \/.about-four -->\n            \n\t\t\t\t<\/div>\n\t\t\t\t<\/div>\n\t\t\t\t\t<\/div>\n\t\t<\/div>\n\t\t\t\t\t\t\t<\/div>\n\t\t<\/section>\n\t\t\t\t\t\t\t<\/div>\n\t\t","protected":false},"excerpt":{"rendered":"<p>BLAUDRUCKEREI-MUSEUM F\u00fchrungen im Museum Die Ausstellung kann mit F\u00fchrung besichtigt werden. Die 45-min\u00fctigen F\u00fchrungen starten alle 30 Minuten. Die erste F\u00fchrung in der Sommersaison beginnt um 10.00 Uhr und die letzte um 17.00 Uhr. In der Wintersaison beginnt die erste F\u00fchrung um 9.00 Uhr und die letzte um 16.00 Uhr. Die ideale Personenzahl f\u00fcr eine [&hellip;]<\/p>\n","protected":false},"author":1,"featured_media":0,"parent":0,"menu_order":0,"comment_status":"closed","ping_status":"closed","template":"tpl-default-elementor.php","meta":{"footnotes":""},"class_list":["post-1413","page","type-page","status-publish","hentry"],"_links":{"self":[{"href":"https:\/\/kekfestomuzeum.hu\/de\/wp-json\/wp\/v2\/pages\/1413","targetHints":{"allow":["GET"]}}],"collection":[{"href":"https:\/\/kekfestomuzeum.hu\/de\/wp-json\/wp\/v2\/pages"}],"about":[{"href":"https:\/\/kekfestomuzeum.hu\/de\/wp-json\/wp\/v2\/types\/page"}],"author":[{"embeddable":true,"href":"https:\/\/kekfestomuzeum.hu\/de\/wp-json\/wp\/v2\/users\/1"}],"replies":[{"embeddable":true,"href":"https:\/\/kekfestomuzeum.hu\/de\/wp-json\/wp\/v2\/comments?post=1413"}],"version-history":[{"count":23,"href":"https:\/\/kekfestomuzeum.hu\/de\/wp-json\/wp\/v2\/pages\/1413\/revisions"}],"predecessor-version":[{"id":2697,"href":"https:\/\/kekfestomuzeum.hu\/de\/wp-json\/wp\/v2\/pages\/1413\/revisions\/2697"}],"wp:attachment":[{"href":"https:\/\/kekfestomuzeum.hu\/de\/wp-json\/wp\/v2\/media?parent=1413"}],"curies":[{"name":"wp","href":"https:\/\/api.w.org\/{rel}","templated":true}]}}