{"id":1396,"date":"2022-04-10T20:37:12","date_gmt":"2022-04-10T20:37:12","guid":{"rendered":"https:\/\/teszt.kekfestomuzeum.hu\/?page_id=1396"},"modified":"2023-04-11T10:32:21","modified_gmt":"2023-04-11T10:32:21","slug":"anfahrt","status":"publish","type":"page","link":"https:\/\/kekfestomuzeum.hu\/de\/anfahrt\/","title":{"rendered":"Approach"},"content":{"rendered":"\t\t<div data-elementor-type=\"wp-page\" data-elementor-id=\"1396\" class=\"elementor elementor-1396\" data-elementor-post-type=\"page\">\n\t\t\t\t\t\t<section class=\"elementor-section elementor-top-section elementor-element elementor-element-16e9b551 elementor-section-stretched elementor-section-full_width elementor-section-height-default elementor-section-height-default\" data-id=\"16e9b551\" data-element_type=\"section\" data-e-type=\"section\" data-settings=\"{&quot;stretch_section&quot;:&quot;section-stretched&quot;}\">\n\t\t\t\t\t\t<div class=\"elementor-container elementor-column-gap-no\">\n\t\t\t\t\t<div class=\"elementor-column elementor-col-100 elementor-top-column elementor-element elementor-element-1c2dd1ed\" data-id=\"1c2dd1ed\" data-element_type=\"column\" data-e-type=\"column\">\n\t\t\t<div class=\"elementor-widget-wrap elementor-element-populated\">\n\t\t\t\t\t\t<div class=\"elementor-element elementor-element-79e4e6b5 elementor-widget elementor-widget-muzex_about3\" data-id=\"79e4e6b5\" data-element_type=\"widget\" data-e-type=\"widget\" data-widget_type=\"muzex_about3.default\">\n\t\t\t\t<div class=\"elementor-widget-container\">\n\t\t\t\t\t\n        <section class=\"about-four \">\n            <div class=\"container\">\n                <div class=\"about-four__image wow fadeInRight\" data-wow-duration=\"1500ms\">\n                    <img decoding=\"async\" src=\"https:\/\/teszt.kekfestomuzeum.hu\/wp-content\/uploads\/2022\/04\/megkozelites.jpg\" alt=\"Image\">\n                <\/div><!-- \/.about-four__image -->\n                <div class=\"row\">\n                    <div class=\"col-lg-6\">\n                        <div class=\"about-four__content\">\n                            <div class=\"block-title\">\n                                <p>\nBLAUDRUCKEREI-MUSEUM<\/p>\n                                <h3>Approach and parking <\/h3>\n                            <\/div><!-- \/.block-title -->\n                            <div class=\"about-four__highlite-text\">\n                                <p>Adresse des Museums: 8500 P\u00e1pa, M\u00e1rcius 15. t\u00e9r 12.<\/p>\n                            <\/div><!-- \/.about-four__highlite-text -->\n                            <p><b>Mit dem Bus<\/b><\/br>\nWenn Sie mit einem fahrplanm\u00e4\u00dfigen Bus in P\u00e1pa ankommen, m\u00fcssen Sie am Busbahnhof aussteigen. Das Blaudruckerei- Museum ist etwa 400 Meter vom Busbahnhof entfernt. Den M\u00e1rcius 15. t\u00e9r erreichen Sie in wenigen Gehminuten von der r\u00f6misch-katholischen Kirche auf dem Hauptplatz. <\/br><\/br>\n\n<b>Mit dem Zug<\/b><\/br>\nVom Bahnhof f\u00fchrt Sie die Esterh\u00e1zy-Stra\u00dfe zum Park des Schlosses Esterh\u00e1zy, dem Schlosspark. Wenn Sie durch den Park gehen, gelangen Sie zum Busbahnhof und zum Markt, wo Sie bereits die T\u00fcrme der r\u00f6misch-katholischen Kirche sehen k\u00f6nnen.  Wenige Gehminuten von der Kirche entfernt an der Hauptstra\u00dfe der Stadt erreichen Sie den M\u00e1rcius 15.t\u00e9r. Das Museumsgeb\u00e4ude befindet sich auf der linken Seite gegen\u00fcber der reformierten Kirche. Sie erreichen das Museum in etwa 20 Minuten.<\/br><\/br>\n<b>Mit dem Auto<\/b><\/br>\n\nRund um das Museum m\u00fcssen Sie ein Parkticket kaufen. Parkpl\u00e4tze f\u00fcr Behinderte befinden sich in der J\u00f3kai-Stra\u00dfe, die etwa 20-30 Meter entfernt auf der linken Seite liegt.<\/br><\/br>\n\n<b>Mit dem Fahrrad<\/b><\/br>\nF\u00fcr diejenigen, die mit dem Fahrrad kommen, gibt es ein Fahradgestell im Hof des Museums.\n<\/p>\n                            <p><\/p>\n                        <\/div><!-- \/.about-four__content -->\n                    <\/div><!-- \/.col-lg-6 -->\n                <\/div><!-- \/.row -->\n            <\/div><!-- \/.container -->\n        <\/section><!-- \/.about-four -->\n            \n\t\t\t\t\t\t<\/div>\n\t\t\t\t<\/div>\n\t\t\t\t\t<\/div>\n\t\t<\/div>\n\t\t\t\t\t<\/div>\n\t\t<\/section>\n\t\t\t\t<\/div>\n\t\t","protected":false},"excerpt":{"rendered":"<p>BLAUDRUCKEREI-MUSEUM Approach and parking Adresse des Museums: 8500 P\u00e1pa, M\u00e1rcius 15. t\u00e9r 12. Mit dem Bus Wenn Sie mit einem fahrplanm\u00e4\u00dfigen Bus in P\u00e1pa ankommen, m\u00fcssen Sie am Busbahnhof aussteigen. Das Blaudruckerei- Museum ist etwa 400 Meter vom Busbahnhof entfernt. Den M\u00e1rcius 15. t\u00e9r erreichen Sie in wenigen Gehminuten von der r\u00f6misch-katholischen Kirche auf dem [&hellip;]<\/p>\n","protected":false},"author":1,"featured_media":0,"parent":0,"menu_order":0,"comment_status":"closed","ping_status":"closed","template":"tpl-default-elementor.php","meta":{"footnotes":""},"class_list":["post-1396","page","type-page","status-publish","hentry"],"_links":{"self":[{"href":"https:\/\/kekfestomuzeum.hu\/de\/wp-json\/wp\/v2\/pages\/1396","targetHints":{"allow":["GET"]}}],"collection":[{"href":"https:\/\/kekfestomuzeum.hu\/de\/wp-json\/wp\/v2\/pages"}],"about":[{"href":"https:\/\/kekfestomuzeum.hu\/de\/wp-json\/wp\/v2\/types\/page"}],"author":[{"embeddable":true,"href":"https:\/\/kekfestomuzeum.hu\/de\/wp-json\/wp\/v2\/users\/1"}],"replies":[{"embeddable":true,"href":"https:\/\/kekfestomuzeum.hu\/de\/wp-json\/wp\/v2\/comments?post=1396"}],"version-history":[{"count":20,"href":"https:\/\/kekfestomuzeum.hu\/de\/wp-json\/wp\/v2\/pages\/1396\/revisions"}],"predecessor-version":[{"id":2692,"href":"https:\/\/kekfestomuzeum.hu\/de\/wp-json\/wp\/v2\/pages\/1396\/revisions\/2692"}],"wp:attachment":[{"href":"https:\/\/kekfestomuzeum.hu\/de\/wp-json\/wp\/v2\/media?parent=1396"}],"curies":[{"name":"wp","href":"https:\/\/api.w.org\/{rel}","templated":true}]}}