{"id":1331,"date":"2022-04-06T08:49:29","date_gmt":"2022-04-06T08:49:29","guid":{"rendered":"https:\/\/teszt.kekfestomuzeum.hu\/?page_id=1331"},"modified":"2026-02-04T09:39:25","modified_gmt":"2026-02-04T09:39:25","slug":"eintrittspreise","status":"publish","type":"page","link":"https:\/\/kekfestomuzeum.hu\/de\/eintrittspreise\/","title":{"rendered":"Bel\u00e9p\u0151jegyek"},"content":{"rendered":"\t\t<div data-elementor-type=\"wp-page\" data-elementor-id=\"1331\" class=\"elementor elementor-1331\">\n\t\t\t\t\t\t\t\t\t<section class=\"elementor-section elementor-top-section elementor-element elementor-element-3ed36ce0 elementor-section-stretched elementor-section-full_width elementor-section-height-default elementor-section-height-default\" data-id=\"3ed36ce0\" data-element_type=\"section\" data-settings=\"{&quot;stretch_section&quot;:&quot;section-stretched&quot;}\">\n\t\t\t\t\t\t<div class=\"elementor-container elementor-column-gap-no\">\n\t\t\t\t\t<div class=\"elementor-column elementor-col-100 elementor-top-column elementor-element elementor-element-6966c036\" data-id=\"6966c036\" data-element_type=\"column\">\n\t\t\t<div class=\"elementor-widget-wrap elementor-element-populated\">\n\t\t\t\t\t\t\t\t<div class=\"elementor-element elementor-element-2ab1e87e elementor-widget elementor-widget-muzex_about3\" data-id=\"2ab1e87e\" data-element_type=\"widget\" data-widget_type=\"muzex_about3.default\">\n\t\t\t\t<div class=\"elementor-widget-container\">\n\t\t\t\n        <section class=\"about-four \">\n            <div class=\"container\">\n                <div class=\"about-four__image wow fadeInRight\" data-wow-duration=\"1500ms\">\n                    <img decoding=\"async\" src=\"https:\/\/teszt.kekfestomuzeum.hu\/wp-content\/uploads\/2022\/04\/jegy.jpg\" alt=\"Image\">\n                <\/div><!-- \/.about-four__image -->\n                <div class=\"row\">\n                    <div class=\"col-lg-6\">\n                        <div class=\"about-four__content\">\n                            <div class=\"block-title\">\n                                <p>Blaudruckerei-Museum<\/p>\n                                <h3>Eintrittspreise\n<\/h3>\n                            <\/div><!-- \/.block-title -->\n                            <div class=\"about-four__highlite-text\">\n                                <p>Vollpreis: <b>3.400,- Ft<\/b><\/br>\nErm\u00e4\u00dfigter Preis: <b>1.900,- Ft<\/b><\/br>\nFamilienticket 2+1: <b>7.000,- Ft<\/b><\/br>\nFamilienticket 2+2: : <b>7.600,- Ft<\/b><\/br>\nZus\u00e4tzliches Kinderticket: <b>1.500,- Ft<\/b><\/br>\nGeb\u00fchr f\u00fcr die F\u00fchrung: <b>600,- Ft<\/b><\/br>\n(Mindestens 6 Personen)\n<\/br><\/br>\n\nPremium-Ticket (3 Tage g\u00fcltig)<\/br>\nG\u00fcltig f\u00fcr die Dauer- und Sonderausstellungen des Esterh\u00e1zy-Schlosses P\u00e1pa, des Graf-Esterh\u00e1zy-K\u00e1roly-Museums, des Blaudruckmuseums sowie des Pet\u0151fi-Hauses.<\/br>\nVollpreis: <b>10.000 Ft\/Person<\/b><\/br>\nUnter 18 Jahre, \u00fcber 70 Jahre: <b>4.200 Ft\/Person<\/b><\/br>\n18\u201326 Jahre und 62\u201370 Jahre: <b>4.800 Ft\/Person<\/b><\/br>\n\u00dcber 70 Jahre: <b>3.600 Ft\/Person<\/b><\/br>\nFamilienticket (2 Erwachsene + 2 Kinder):<b> 25.000 Ft<\/b><\/br>\nZus\u00e4tzliches Kinderticket: <b>4.000 Ft\/Person<\/b><\/br><\/br>\nInteraktive Programme<\/br>\n(Nur f\u00fcr Gruppen, nach vorheriger Anmeldung)<\/br>\nAb 10 Personen: <b>1.900 Ft\/Person<\/b><\/br>\nF\u00fcr Gruppen aus P\u00e1pa: <b>1.700 Ft\/Person<\/b><\/br><\/br>\n\nDruckworkshops (Positivdruck)<\/br>\n(Nach vorheriger Anmeldung)<\/br><\/br>\nKosmetiktasche: <b>2.000 HUF\/Person\/St\u00fcck<\/b><\/br>\nTischdecke: <b>2.500 Ft\/Person\/St\u00fcck<\/b><\/br>\nSchal\/Tuch: <b>2.500 Ft\/Person\/St\u00fcck<\/b><\/br>\nStofftasche: <b>3.000 Ft\/Person\/St\u00fcck<\/b><\/br>\nT-Shirt: <b>3.600 Ft\/Person\/St\u00fcck<\/b><\/br><\/br>\nErm\u00e4\u00dfigungen & Hinweise<\/br>\nBesucher gem\u00e4\u00df der Regierungsverordnung 194\/2000 (XI.24.) haben Anspruch auf erm\u00e4\u00dfigten oder freien Eintritt.\nBei freiem Eintritt wird eine einmalige technische Geb\u00fchr von 400 HUF\/Person erhoben.\nDie Preise sind ab 1. Februar 2026 g\u00fcltig, verstehen sich in Forint und inklusive MwSt.\n\n\n<\/p>\n                            <\/div><!-- \/.about-four__highlite-text -->\n                            <p><\/p>\n                            <p> <b>Zahlungsm\u00f6glichkeiten <\/b><\/br>\nWir akzeptieren Kreditkarten Mastercard\/Visa\/Maestro sowie SZ\u00c9P-Karte und Bargeld. Als alternative L\u00f6sung f\u00fcr Gruppen ist es auch m\u00f6glich, in einer Summe per Bank\u00fcberweisung zu bezahlen, wonach wir eine Quittung ausstellen. Eine Zahlung in ausl\u00e4ndischer W\u00e4hrung ist nicht m\u00f6glich. Euro werden nicht akzeptiert.\n<\/br><\/br>\n <b>F\u00fchrungen <\/b><\/br>\nMaximale Gruppengr\u00f6\u00dfe: 25 Personen<\/br>\nBei gr\u00f6\u00dferen Gruppen erfolgt eine Aufteilung<\/br>\nF\u00fchrungen sind derzeit nur auf Ungarisch verf\u00fcgbar.<\/br><\/br>\n\n<b>Barrierefreiheit<\/b><\/br>\nDer Gro\u00dfteil des Museums ist leicht zug\u00e4nglich. Unsere Besucher mit eingeschr\u00e4nkter Mobilit\u00e4t k\u00f6nnen einen Teil der Ausstellung im Obergeschoss (Blau gemalte Handwerkskunst) sowie die Pferdemangel sehen.<\/p>\n                        <\/div><!-- \/.about-four__content -->\n                    <\/div><!-- \/.col-lg-6 -->\n                <\/div><!-- \/.row -->\n            <\/div><!-- \/.container -->\n        <\/section><!-- \/.about-four -->\n            \n\t\t\t\t<\/div>\n\t\t\t\t<\/div>\n\t\t\t\t\t<\/div>\n\t\t<\/div>\n\t\t\t\t\t\t\t<\/div>\n\t\t<\/section>\n\t\t\t\t\t\t\t<\/div>\n\t\t","protected":false},"excerpt":{"rendered":"<p>Blaudruckerei-Museum Eintrittspreise Vollpreis: 3.400,- Ft Erm\u00e4\u00dfigter Preis: 1.900,- Ft Familienticket 2+1: 7.000,- Ft Familienticket 2+2: : 7.600,- Ft Zus\u00e4tzliches Kinderticket: 1.500,- Ft Geb\u00fchr f\u00fcr die F\u00fchrung: 600,- Ft (Mindestens 6 Personen) Premium-Ticket (3 Tage g\u00fcltig) G\u00fcltig f\u00fcr die Dauer- und Sonderausstellungen des Esterh\u00e1zy-Schlosses P\u00e1pa, des Graf-Esterh\u00e1zy-K\u00e1roly-Museums, des Blaudruckmuseums sowie des Pet\u0151fi-Hauses. Vollpreis: 10.000 Ft\/Person Unter [&hellip;]<\/p>\n","protected":false},"author":1,"featured_media":0,"parent":0,"menu_order":0,"comment_status":"closed","ping_status":"closed","template":"tpl-default-elementor.php","meta":{"footnotes":""},"class_list":["post-1331","page","type-page","status-publish","hentry"],"_links":{"self":[{"href":"https:\/\/kekfestomuzeum.hu\/de\/wp-json\/wp\/v2\/pages\/1331","targetHints":{"allow":["GET"]}}],"collection":[{"href":"https:\/\/kekfestomuzeum.hu\/de\/wp-json\/wp\/v2\/pages"}],"about":[{"href":"https:\/\/kekfestomuzeum.hu\/de\/wp-json\/wp\/v2\/types\/page"}],"author":[{"embeddable":true,"href":"https:\/\/kekfestomuzeum.hu\/de\/wp-json\/wp\/v2\/users\/1"}],"replies":[{"embeddable":true,"href":"https:\/\/kekfestomuzeum.hu\/de\/wp-json\/wp\/v2\/comments?post=1331"}],"version-history":[{"count":95,"href":"https:\/\/kekfestomuzeum.hu\/de\/wp-json\/wp\/v2\/pages\/1331\/revisions"}],"predecessor-version":[{"id":2817,"href":"https:\/\/kekfestomuzeum.hu\/de\/wp-json\/wp\/v2\/pages\/1331\/revisions\/2817"}],"wp:attachment":[{"href":"https:\/\/kekfestomuzeum.hu\/de\/wp-json\/wp\/v2\/media?parent=1331"}],"curies":[{"name":"wp","href":"https:\/\/api.w.org\/{rel}","templated":true}]}}